{"id":93132,"date":"2019-07-11T13:53:31","date_gmt":"2019-07-11T13:53:31","guid":{"rendered":"https:\/\/www.3p-gmbh.de\/produkt\/foellmer-duplicador-inseridor-de-tiras\/"},"modified":"2019-07-11T13:53:31","modified_gmt":"2019-07-11T13:53:31","slug":"conjunto-de-impregnacao-de-riscas-3","status":"publish","type":"product","link":"https:\/\/www.3p-gmbh.de\/pt-br\/produkt\/conjunto-de-impregnacao-de-riscas-3\/","title":{"rendered":"Foellmer Duplicador Inseridor de tiras"},"content":{"rendered":"<p>O Foellmer Duplicator DigiTab 2010 Plus (impress\u00e3o &#8211; contagem &#8211; marca\u00e7\u00e3o = 1 opera\u00e7\u00e3o) tem uma opera\u00e7\u00e3o guiada por menus atrav\u00e9s de um ecr\u00e3 t\u00e1til na parte de tr\u00e1s da caixa. O suporte m\u00f3vel e regul\u00e1vel em altura \u00e9 fixado na lateral da entrega na maioria das m\u00e1quinas. Pode ser definido qualquer n\u00famero de 5 a 99999 para a inser\u00e7\u00e3o da tira de contagem. Regula\u00e7\u00e3o cont\u00ednua do comprimento da tira 20-200 mm e tempo de espera aprox. 0 -10 seg. da tira de contagem \u00e9 poss\u00edvel. O Suptramat permite subtrair do n\u00famero total as folhas de controlo e as folhas de desperd\u00edcio retiradas pela impressora da produ\u00e7\u00e3o em curso e, simultaneamente, corrigir o tamanho do ma\u00e7o marcado por tiras. O contador total regista a circula\u00e7\u00e3o total das folhas de mercadorias ajustadas com o Suptramat.<br \/>\nPara ligar o DigiTab, \u00e9 necess\u00e1ria uma caixa de jun\u00e7\u00e3o universal para uma interface sem potencial ou um impulso de 24 V (rel\u00f3gio) diretamente da m\u00e1quina ou de um sensor.<\/p>\n","protected":false},"excerpt":{"rendered":"<p>O Foellmer Duplicator DigiTab 2010 Plus (impress\u00e3o &#8211; contagem &#8211; marca\u00e7\u00e3o = 1 opera\u00e7\u00e3o) tem uma opera\u00e7\u00e3o guiada por menus atrav\u00e9s de um ecr\u00e3 t\u00e1til na parte de tr\u00e1s da caixa. O suporte m\u00f3vel e regul\u00e1vel em altura \u00e9 fixado na lateral da entrega na maioria das m\u00e1quinas. Pode ser definido qualquer n\u00famero de 5 [&hellip;]<\/p>\n","protected":false},"featured_media":64671,"template":"","meta":[],"product_brand":[],"product_cat":[3001],"product_tag":[],"class_list":{"0":"post-93132","1":"product","2":"type-product","3":"status-publish","4":"has-post-thumbnail","6":"product_cat-maquinas-de-contagem-de-papel","7":"pa_baujahr-205","8":"pa_hersteller-josef-foellmer","9":"pa_typ-duplikator-digitab-2010-plus","11":"first","12":"instock","13":"sold-individually","14":"taxable","15":"shipping-taxable","16":"purchasable","17":"product-type-simple"},"jetpack_sharing_enabled":true,"_links":{"self":[{"href":"https:\/\/www.3p-gmbh.de\/pt-br\/wp-json\/wp\/v2\/product\/93132","targetHints":{"allow":["GET"]}}],"collection":[{"href":"https:\/\/www.3p-gmbh.de\/pt-br\/wp-json\/wp\/v2\/product"}],"about":[{"href":"https:\/\/www.3p-gmbh.de\/pt-br\/wp-json\/wp\/v2\/types\/product"}],"wp:featuredmedia":[{"embeddable":true,"href":"https:\/\/www.3p-gmbh.de\/pt-br\/wp-json\/wp\/v2\/media\/64671"}],"wp:attachment":[{"href":"https:\/\/www.3p-gmbh.de\/pt-br\/wp-json\/wp\/v2\/media?parent=93132"}],"wp:term":[{"taxonomy":"product_brand","embeddable":true,"href":"https:\/\/www.3p-gmbh.de\/pt-br\/wp-json\/wp\/v2\/product_brand?post=93132"},{"taxonomy":"product_cat","embeddable":true,"href":"https:\/\/www.3p-gmbh.de\/pt-br\/wp-json\/wp\/v2\/product_cat?post=93132"},{"taxonomy":"product_tag","embeddable":true,"href":"https:\/\/www.3p-gmbh.de\/pt-br\/wp-json\/wp\/v2\/product_tag?post=93132"}],"curies":[{"name":"wp","href":"https:\/\/api.w.org\/{rel}","templated":true}]}}