{"id":93128,"date":"2019-07-11T13:53:31","date_gmt":"2019-07-11T13:53:31","guid":{"rendered":"https:\/\/www.3p-gmbh.de\/produkt\/medidor-de-brilho-byk-gardner\/"},"modified":"2019-07-11T13:53:31","modified_gmt":"2019-07-11T13:53:31","slug":"aparelho-de-medicao-para-determinacao-do-brilho","status":"publish","type":"product","link":"https:\/\/www.3p-gmbh.de\/pt-br\/produkt\/aparelho-de-medicao-para-determinacao-do-brilho\/","title":{"rendered":"Medidor de brilho BYK-Gardner"},"content":{"rendered":"<p>Brilho de laca ou metal &#8211; n\u00e3o h\u00e1 problema! O micro-brilho mede em qualquer material &#8211; seja tinta, pl\u00e1stico ou metal altamente refletor. A extens\u00e3o autom\u00e1tica da gama at\u00e9 2000 unidades de brilho fornece sempre valores de brilho fi\u00e1veis e em conformidade com a norma, os resultados s\u00e3o sempre exactos. A fonte de luz LED est\u00e1vel a longo prazo do medidor de brilho n\u00e3o s\u00f3 garante uma excelente repetibilidade durante muitos anos, como tamb\u00e9m nunca se queimar\u00e1.<\/p>\n","protected":false},"excerpt":{"rendered":"<p>Brilho de laca ou metal &#8211; n\u00e3o h\u00e1 problema! O micro-brilho mede em qualquer material &#8211; seja tinta, pl\u00e1stico ou metal altamente refletor. A extens\u00e3o autom\u00e1tica da gama at\u00e9 2000 unidades de brilho fornece sempre valores de brilho fi\u00e1veis e em conformidade com a norma, os resultados s\u00e3o sempre exactos. A fonte de luz LED [&hellip;]<\/p>\n","protected":false},"featured_media":64683,"template":"","meta":[],"product_brand":[],"product_cat":[2931],"product_tag":[],"class_list":{"0":"post-93128","1":"product","2":"type-product","3":"status-publish","4":"has-post-thumbnail","6":"product_cat-instrumentos-de-medicao-e-garantia-de-qualidade","7":"pa_baujahr-305","8":"pa_hersteller-byk-gardner","9":"pa_typ-micro-gloss-60","11":"first","12":"instock","13":"sold-individually","14":"taxable","15":"shipping-taxable","16":"purchasable","17":"product-type-simple"},"jetpack_sharing_enabled":true,"_links":{"self":[{"href":"https:\/\/www.3p-gmbh.de\/pt-br\/wp-json\/wp\/v2\/product\/93128","targetHints":{"allow":["GET"]}}],"collection":[{"href":"https:\/\/www.3p-gmbh.de\/pt-br\/wp-json\/wp\/v2\/product"}],"about":[{"href":"https:\/\/www.3p-gmbh.de\/pt-br\/wp-json\/wp\/v2\/types\/product"}],"wp:featuredmedia":[{"embeddable":true,"href":"https:\/\/www.3p-gmbh.de\/pt-br\/wp-json\/wp\/v2\/media\/64683"}],"wp:attachment":[{"href":"https:\/\/www.3p-gmbh.de\/pt-br\/wp-json\/wp\/v2\/media?parent=93128"}],"wp:term":[{"taxonomy":"product_brand","embeddable":true,"href":"https:\/\/www.3p-gmbh.de\/pt-br\/wp-json\/wp\/v2\/product_brand?post=93128"},{"taxonomy":"product_cat","embeddable":true,"href":"https:\/\/www.3p-gmbh.de\/pt-br\/wp-json\/wp\/v2\/product_cat?post=93128"},{"taxonomy":"product_tag","embeddable":true,"href":"https:\/\/www.3p-gmbh.de\/pt-br\/wp-json\/wp\/v2\/product_tag?post=93128"}],"curies":[{"name":"wp","href":"https:\/\/api.w.org\/{rel}","templated":true}]}}