{"id":93120,"date":"2019-07-11T13:53:31","date_gmt":"2019-07-11T13:53:31","guid":{"rendered":"https:\/\/www.3p-gmbh.de\/produkt\/interface-de-pre-impressao-heidelberg-prinect\/"},"modified":"2019-07-11T13:53:31","modified_gmt":"2019-07-11T13:53:31","slug":"prinect-prepress-interface","status":"publish","type":"product","link":"https:\/\/www.3p-gmbh.de\/pt-br\/produkt\/prinect-prepress-interface\/","title":{"rendered":"Interface de pr\u00e9-impress\u00e3o Heidelberg Prinect"},"content":{"rendered":"<ul>\n<li>Heidelberg Prinect Prepress Interface 3.2 para SM 102<\/li>\n<li>Predefini\u00e7\u00e3o da zona de tinta (Cip 3) Sa\u00edda para prensas Heidelberg<\/li>\n<li>Vers\u00e3o completa com unidade de cart\u00e3o flash Omnidrive para transfer\u00eancia de dados offline<\/li>\n<\/ul>\n<p>A transfer\u00eancia direta de par\u00e2metros relevantes para a impress\u00e3o a partir da pr\u00e9-impress\u00e3o torna todo o processo de configura\u00e7\u00e3o na prensa mais r\u00e1pido e mais fi\u00e1vel, com muito menos desperd\u00edcio. Para al\u00e9m disso, a Prinect Prepress Interface suporta o fluxo de trabalho a cores e o acabamento de impress\u00e3o, transferindo marcas de posi\u00e7\u00e3o para medi\u00e7\u00e3o de cor, corte, dobragem e costura de sela. Este facto simplifica consideravelmente os procedimentos de regula\u00e7\u00e3o para o operador.<\/p>\n","protected":false},"excerpt":{"rendered":"<p>Heidelberg Prinect Prepress Interface 3.2 para SM 102 Predefini\u00e7\u00e3o da zona de tinta (Cip 3) Sa\u00edda para prensas Heidelberg Vers\u00e3o completa com unidade de cart\u00e3o flash Omnidrive para transfer\u00eancia de dados offline A transfer\u00eancia direta de par\u00e2metros relevantes para a impress\u00e3o a partir da pr\u00e9-impress\u00e3o torna todo o processo de configura\u00e7\u00e3o na prensa mais r\u00e1pido [&hellip;]<\/p>\n","protected":false},"featured_media":64707,"template":"","meta":[],"product_brand":[],"product_cat":[3007],"product_tag":[],"class_list":{"0":"post-93120","1":"product","2":"type-product","3":"status-publish","4":"has-post-thumbnail","6":"product_cat-software-de-pre-impressao","7":"pa_baujahr-153","8":"pa_hersteller-heidelberger-druckmaschinen","9":"pa_typ-prepress-interface-3-2","11":"first","12":"instock","13":"sold-individually","14":"taxable","15":"shipping-taxable","16":"purchasable","17":"product-type-simple"},"jetpack_sharing_enabled":true,"_links":{"self":[{"href":"https:\/\/www.3p-gmbh.de\/pt-br\/wp-json\/wp\/v2\/product\/93120","targetHints":{"allow":["GET"]}}],"collection":[{"href":"https:\/\/www.3p-gmbh.de\/pt-br\/wp-json\/wp\/v2\/product"}],"about":[{"href":"https:\/\/www.3p-gmbh.de\/pt-br\/wp-json\/wp\/v2\/types\/product"}],"wp:featuredmedia":[{"embeddable":true,"href":"https:\/\/www.3p-gmbh.de\/pt-br\/wp-json\/wp\/v2\/media\/64707"}],"wp:attachment":[{"href":"https:\/\/www.3p-gmbh.de\/pt-br\/wp-json\/wp\/v2\/media?parent=93120"}],"wp:term":[{"taxonomy":"product_brand","embeddable":true,"href":"https:\/\/www.3p-gmbh.de\/pt-br\/wp-json\/wp\/v2\/product_brand?post=93120"},{"taxonomy":"product_cat","embeddable":true,"href":"https:\/\/www.3p-gmbh.de\/pt-br\/wp-json\/wp\/v2\/product_cat?post=93120"},{"taxonomy":"product_tag","embeddable":true,"href":"https:\/\/www.3p-gmbh.de\/pt-br\/wp-json\/wp\/v2\/product_tag?post=93120"}],"curies":[{"name":"wp","href":"https:\/\/api.w.org\/{rel}","templated":true}]}}