{"id":93106,"date":"2019-07-11T13:53:31","date_gmt":"2019-07-11T13:53:31","guid":{"rendered":"https:\/\/www.3p-gmbh.de\/produkt\/espectrofotometro-gretag-macbeth-spectroeye\/"},"modified":"2019-07-11T13:53:31","modified_gmt":"2019-07-11T13:53:31","slug":"espetrofotometro","status":"publish","type":"product","link":"https:\/\/www.3p-gmbh.de\/pt-br\/produkt\/espetrofotometro\/","title":{"rendered":"Espectrofot\u00f3metro Gretag-Macbeth SpectroEye"},"content":{"rendered":"<ul>\n<li>Espectrofot\u00f3metro e densit\u00f3metro port\u00e1teis para medi\u00e7\u00e3o da reflect\u00e2ncia<\/li>\n<li>Opera\u00e7\u00e3o extremamente simples devido \u00e0 chave esf\u00e9rica e \u00e0 orienta\u00e7\u00e3o gr\u00e1fica do utilizador<\/li>\n<li>Visualiza\u00e7\u00e3o clara dos valores medidos<\/li>\n<li>Medi\u00e7\u00e3o independente da dire\u00e7\u00e3o atrav\u00e9s de anel \u00f3tico<\/li>\n<\/ul>\n<p>Fun\u00e7\u00f5es:<\/p>\n<ul>\n<li>\n<\/li>\n<\/ul>\n","protected":false},"excerpt":{"rendered":"<p>Espectrofot\u00f3metro e densit\u00f3metro port\u00e1teis para medi\u00e7\u00e3o da reflect\u00e2ncia Opera\u00e7\u00e3o extremamente simples devido \u00e0 chave esf\u00e9rica e \u00e0 orienta\u00e7\u00e3o gr\u00e1fica do utilizador Visualiza\u00e7\u00e3o clara dos valores medidos Medi\u00e7\u00e3o independente da dire\u00e7\u00e3o atrav\u00e9s de anel \u00f3tico Fun\u00e7\u00f5es:<\/p>\n","protected":false},"featured_media":124792,"template":"","meta":[],"product_brand":[],"product_cat":[2931],"product_tag":[],"class_list":{"0":"post-93106","1":"product","2":"type-product","3":"status-publish","4":"has-post-thumbnail","6":"product_cat-instrumentos-de-medicao-e-garantia-de-qualidade","7":"pa_hersteller-x-rite-gretag-macbeth","8":"pa_typ-spectroeye","10":"first","11":"instock","12":"sold-individually","13":"taxable","14":"shipping-taxable","15":"purchasable","16":"product-type-simple"},"jetpack_sharing_enabled":true,"_links":{"self":[{"href":"https:\/\/www.3p-gmbh.de\/pt-br\/wp-json\/wp\/v2\/product\/93106","targetHints":{"allow":["GET"]}}],"collection":[{"href":"https:\/\/www.3p-gmbh.de\/pt-br\/wp-json\/wp\/v2\/product"}],"about":[{"href":"https:\/\/www.3p-gmbh.de\/pt-br\/wp-json\/wp\/v2\/types\/product"}],"wp:featuredmedia":[{"embeddable":true,"href":"https:\/\/www.3p-gmbh.de\/pt-br\/wp-json\/wp\/v2\/media\/124792"}],"wp:attachment":[{"href":"https:\/\/www.3p-gmbh.de\/pt-br\/wp-json\/wp\/v2\/media?parent=93106"}],"wp:term":[{"taxonomy":"product_brand","embeddable":true,"href":"https:\/\/www.3p-gmbh.de\/pt-br\/wp-json\/wp\/v2\/product_brand?post=93106"},{"taxonomy":"product_cat","embeddable":true,"href":"https:\/\/www.3p-gmbh.de\/pt-br\/wp-json\/wp\/v2\/product_cat?post=93106"},{"taxonomy":"product_tag","embeddable":true,"href":"https:\/\/www.3p-gmbh.de\/pt-br\/wp-json\/wp\/v2\/product_tag?post=93106"}],"curies":[{"name":"wp","href":"https:\/\/api.w.org\/{rel}","templated":true}]}}