{"id":93095,"date":"2019-07-11T13:53:45","date_gmt":"2019-07-11T13:53:45","guid":{"rendered":"https:\/\/www.3p-gmbh.de\/produkt\/sistema-ctp-termico-automatico-fuji-screen-pt-r-4300-e\/"},"modified":"2019-07-11T13:53:45","modified_gmt":"2019-07-11T13:53:45","slug":"automatic-thermal-ctp","status":"publish","type":"product","link":"https:\/\/www.3p-gmbh.de\/pt-br\/produkt\/automatic-thermal-ctp\/","title":{"rendered":"Sistema CtP t\u00e9rmico autom\u00e1tico Fuji \/ Screen PT-R 4300 E"},"content":{"rendered":"<ul>\n<li>Sistema CtP t\u00e9rmico autom\u00e1tico Fuji com Highwater Rip Vers\u00e3o 8<\/li>\n<li>Ecr\u00e3 OEM PT-R 4300-E ou Agfa Acento II E<\/li>\n<li>Entrada em funcionamento 2007<\/li>\n<li>apenas 9835 Ciclos de enrolamento de chapas, tempo de exposi\u00e7\u00e3o 1231 h<\/li>\n<li>SAL Cassete de carregamento de placa \u00fanica para 50 placas sem papel intercalado<\/li>\n<li>16 d\u00edodos laser t\u00e9rmicos 830nm<\/li>\n<li>Resolu\u00e7\u00e3o 2400 dpi<\/li>\n<li>Sa\u00edda aprox. 11 placas\/h<\/li>\n<li>pun\u00e7\u00e3o incorporado HB 425mm (outros padr\u00f5es de pun\u00e7\u00e3o a pedido)<\/li>\n<li>min. Formato 324 x 370 mm<\/li>\n<li>m\u00e1ximo. Formato 830 x 660 mm<\/li>\n<li>Espessura do painel 0,15-0,30 mm<\/li>\n<li>Empilhador de placas<\/li>\n<\/ul>\n","protected":false},"excerpt":{"rendered":"<p>Sistema CtP t\u00e9rmico autom\u00e1tico Fuji com Highwater Rip Vers\u00e3o 8 Ecr\u00e3 OEM PT-R 4300-E ou Agfa Acento II E Entrada em funcionamento 2007 apenas 9835 Ciclos de enrolamento de chapas, tempo de exposi\u00e7\u00e3o 1231 h SAL Cassete de carregamento de placa \u00fanica para 50 placas sem papel intercalado 16 d\u00edodos laser t\u00e9rmicos 830nm Resolu\u00e7\u00e3o 2400 [&hellip;]<\/p>\n","protected":false},"featured_media":64818,"template":"","meta":[],"product_brand":[],"product_cat":[2865],"product_tag":[],"class_list":{"0":"post-93095","1":"product","2":"type-product","3":"status-publish","4":"has-post-thumbnail","6":"product_cat-sistemas-computadorizados-para-placas","7":"pa_baujahr-140","8":"pa_hersteller-fuji-screen-pt-r-4300-e","9":"pa_typ-t-6300-sal","11":"first","12":"instock","13":"sold-individually","14":"taxable","15":"shipping-taxable","16":"purchasable","17":"product-type-simple"},"jetpack_sharing_enabled":true,"_links":{"self":[{"href":"https:\/\/www.3p-gmbh.de\/pt-br\/wp-json\/wp\/v2\/product\/93095","targetHints":{"allow":["GET"]}}],"collection":[{"href":"https:\/\/www.3p-gmbh.de\/pt-br\/wp-json\/wp\/v2\/product"}],"about":[{"href":"https:\/\/www.3p-gmbh.de\/pt-br\/wp-json\/wp\/v2\/types\/product"}],"wp:featuredmedia":[{"embeddable":true,"href":"https:\/\/www.3p-gmbh.de\/pt-br\/wp-json\/wp\/v2\/media\/64818"}],"wp:attachment":[{"href":"https:\/\/www.3p-gmbh.de\/pt-br\/wp-json\/wp\/v2\/media?parent=93095"}],"wp:term":[{"taxonomy":"product_brand","embeddable":true,"href":"https:\/\/www.3p-gmbh.de\/pt-br\/wp-json\/wp\/v2\/product_brand?post=93095"},{"taxonomy":"product_cat","embeddable":true,"href":"https:\/\/www.3p-gmbh.de\/pt-br\/wp-json\/wp\/v2\/product_cat?post=93095"},{"taxonomy":"product_tag","embeddable":true,"href":"https:\/\/www.3p-gmbh.de\/pt-br\/wp-json\/wp\/v2\/product_tag?post=93095"}],"curies":[{"name":"wp","href":"https:\/\/api.w.org\/{rel}","templated":true}]}}