{"id":93085,"date":"2019-07-11T13:53:45","date_gmt":"2019-07-11T13:53:45","guid":{"rendered":"https:\/\/www.3p-gmbh.de\/produkt\/sistema-ctp-termico-sem-produtos-quimicos-presstek-vetor-tx-52\/"},"modified":"2019-07-11T13:53:45","modified_gmt":"2019-07-11T13:53:45","slug":"sistema-ctp-termico-livre-de-quimicos","status":"publish","type":"product","link":"https:\/\/www.3p-gmbh.de\/pt-br\/produkt\/sistema-ctp-termico-livre-de-quimicos\/","title":{"rendered":"Sistema CtP t\u00e9rmico sem produtos qu\u00edmicos Presstek Vetor TX 52"},"content":{"rendered":"<ul>\n<li>Sistema CtP t\u00e9rmico sem produtos qu\u00edmicos Presstek Vetor TX 52 com Momentum Rip<\/li>\n<li>Classe de formato 2-up (SM-52)<\/li>\n<li>Solu\u00e7\u00e3o \u00fanica para a produ\u00e7\u00e3o de chapas met\u00e1licas em impressoras de pequenas tiragens<\/li>\n<\/ul>\n","protected":false},"excerpt":{"rendered":"<p>Sistema CtP t\u00e9rmico sem produtos qu\u00edmicos Presstek Vetor TX 52 com Momentum Rip Classe de formato 2-up (SM-52) Solu\u00e7\u00e3o \u00fanica para a produ\u00e7\u00e3o de chapas met\u00e1licas em impressoras de pequenas tiragens<\/p>\n","protected":false},"featured_media":64791,"template":"","meta":[],"product_brand":[],"product_cat":[2865],"product_tag":[],"class_list":{"0":"post-93085","1":"product","2":"type-product","3":"status-publish","4":"has-post-thumbnail","6":"product_cat-sistemas-computadorizados-para-placas","7":"pa_baujahr-326","8":"pa_hersteller-presstek","9":"pa_typ-vector-tx-52","11":"first","12":"instock","13":"sold-individually","14":"taxable","15":"shipping-taxable","16":"purchasable","17":"product-type-simple"},"jetpack_sharing_enabled":true,"_links":{"self":[{"href":"https:\/\/www.3p-gmbh.de\/pt-br\/wp-json\/wp\/v2\/product\/93085","targetHints":{"allow":["GET"]}}],"collection":[{"href":"https:\/\/www.3p-gmbh.de\/pt-br\/wp-json\/wp\/v2\/product"}],"about":[{"href":"https:\/\/www.3p-gmbh.de\/pt-br\/wp-json\/wp\/v2\/types\/product"}],"wp:featuredmedia":[{"embeddable":true,"href":"https:\/\/www.3p-gmbh.de\/pt-br\/wp-json\/wp\/v2\/media\/64791"}],"wp:attachment":[{"href":"https:\/\/www.3p-gmbh.de\/pt-br\/wp-json\/wp\/v2\/media?parent=93085"}],"wp:term":[{"taxonomy":"product_brand","embeddable":true,"href":"https:\/\/www.3p-gmbh.de\/pt-br\/wp-json\/wp\/v2\/product_brand?post=93085"},{"taxonomy":"product_cat","embeddable":true,"href":"https:\/\/www.3p-gmbh.de\/pt-br\/wp-json\/wp\/v2\/product_cat?post=93085"},{"taxonomy":"product_tag","embeddable":true,"href":"https:\/\/www.3p-gmbh.de\/pt-br\/wp-json\/wp\/v2\/product_tag?post=93085"}],"curies":[{"name":"wp","href":"https:\/\/api.w.org\/{rel}","templated":true}]}}