{"id":93082,"date":"2019-07-11T13:53:45","date_gmt":"2019-07-11T13:53:45","guid":{"rendered":"https:\/\/www.3p-gmbh.de\/produkt\/sistema-ctp-termico-kodak-magnus-400-ii\/"},"modified":"2019-07-11T13:53:45","modified_gmt":"2019-07-11T13:53:45","slug":"sistema-ctp-termico","status":"publish","type":"product","link":"https:\/\/www.3p-gmbh.de\/pt-br\/produkt\/sistema-ctp-termico\/","title":{"rendered":"Sistema CtP t\u00e9rmico Kodak Magnus 400 II"},"content":{"rendered":"<ul>\n<li>com MCU triplo<\/li>\n<li>Prinergy Evo na esta\u00e7\u00e3o de trabalho Dell 830<\/li>\n<li>Software de montagem do arco Preps<\/li>\n<li>pun\u00e7\u00e3o interno de placa autom\u00e1tica 425mm<\/li>\n<li>Ponte<\/li>\n<li>Unidade de lavagem Azura (Glunz &amp; Jensen)<\/li>\n<li>Empilhador de placas<\/li>\n<\/ul>\n","protected":false},"excerpt":{"rendered":"<p>com MCU triplo Prinergy Evo na esta\u00e7\u00e3o de trabalho Dell 830 Software de montagem do arco Preps pun\u00e7\u00e3o interno de placa autom\u00e1tica 425mm Ponte Unidade de lavagem Azura (Glunz &amp; Jensen) Empilhador de placas<\/p>\n","protected":false},"featured_media":64767,"template":"","meta":[],"product_brand":[],"product_cat":[2865],"product_tag":[],"class_list":{"0":"post-93082","1":"product","2":"type-product","3":"status-publish","4":"has-post-thumbnail","6":"product_cat-sistemas-computadorizados-para-placas","7":"pa_baujahr-326","8":"pa_hersteller-kodak","9":"pa_typ-magnus-400-ii-mcu","11":"first","12":"instock","13":"sold-individually","14":"taxable","15":"shipping-taxable","16":"purchasable","17":"product-type-simple"},"jetpack_sharing_enabled":true,"_links":{"self":[{"href":"https:\/\/www.3p-gmbh.de\/pt-br\/wp-json\/wp\/v2\/product\/93082","targetHints":{"allow":["GET"]}}],"collection":[{"href":"https:\/\/www.3p-gmbh.de\/pt-br\/wp-json\/wp\/v2\/product"}],"about":[{"href":"https:\/\/www.3p-gmbh.de\/pt-br\/wp-json\/wp\/v2\/types\/product"}],"wp:featuredmedia":[{"embeddable":true,"href":"https:\/\/www.3p-gmbh.de\/pt-br\/wp-json\/wp\/v2\/media\/64767"}],"wp:attachment":[{"href":"https:\/\/www.3p-gmbh.de\/pt-br\/wp-json\/wp\/v2\/media?parent=93082"}],"wp:term":[{"taxonomy":"product_brand","embeddable":true,"href":"https:\/\/www.3p-gmbh.de\/pt-br\/wp-json\/wp\/v2\/product_brand?post=93082"},{"taxonomy":"product_cat","embeddable":true,"href":"https:\/\/www.3p-gmbh.de\/pt-br\/wp-json\/wp\/v2\/product_cat?post=93082"},{"taxonomy":"product_tag","embeddable":true,"href":"https:\/\/www.3p-gmbh.de\/pt-br\/wp-json\/wp\/v2\/product_tag?post=93082"}],"curies":[{"name":"wp","href":"https:\/\/api.w.org\/{rel}","templated":true}]}}