{"id":93068,"date":"2019-07-11T13:53:45","date_gmt":"2019-07-11T13:53:45","guid":{"rendered":"https:\/\/www.3p-gmbh.de\/produkt\/sistema-ctp-termico-creo-scitex-lotem-800-v\/"},"modified":"2019-07-11T13:53:45","modified_gmt":"2019-07-11T13:53:45","slug":"sistema-de-exposicao-ctp","status":"publish","type":"product","link":"https:\/\/www.3p-gmbh.de\/pt-br\/produkt\/sistema-de-exposicao-ctp\/","title":{"rendered":"Sistema CtP t\u00e9rmico Creo\/Scitex Lotem 800 V"},"content":{"rendered":"<ul>\n<li>gravadora de imagens CtP de tambor externo totalmente autom\u00e1tica<\/li>\n<li>Laser de infravermelhos, 830 nm<\/li>\n<li>min. Formato do painel 400 x 510 mm<\/li>\n<li>m\u00e1ximo. Tamanho do painel 905 x 1130 mm<\/li>\n<li>Espessura do material 0,2-0,3 mm<\/li>\n<li>Velocidade de exposi\u00e7\u00e3o aprox. 10 placas\/h a 100 l\/cm<\/li>\n<li>Resolu\u00e7\u00e3o cont\u00ednua de 1524 a 3556 dpi<\/li>\n<li>com 1 carro de placa de impress\u00e3o<\/li>\n<li>com pun\u00e7\u00e3o de registo Bacher 2000 Autoplate (425 \/ 780 mm)<\/li>\n<li>com transportador para m\u00e1quina de revela\u00e7\u00e3o em linha<\/li>\n<li>Esta\u00e7\u00e3o Kodak XPO<\/li>\n<li>Processador de placas Mercury 1250 com empilhador<\/li>\n<\/ul>\n","protected":false},"excerpt":{"rendered":"<p>gravadora de imagens CtP de tambor externo totalmente autom\u00e1tica Laser de infravermelhos, 830 nm min. Formato do painel 400 x 510 mm m\u00e1ximo. Tamanho do painel 905 x 1130 mm Espessura do material 0,2-0,3 mm Velocidade de exposi\u00e7\u00e3o aprox. 10 placas\/h a 100 l\/cm Resolu\u00e7\u00e3o cont\u00ednua de 1524 a 3556 dpi com 1 carro de [&hellip;]<\/p>\n","protected":false},"featured_media":64830,"template":"","meta":[],"product_brand":[],"product_cat":[2865],"product_tag":[],"class_list":{"0":"post-93068","1":"product","2":"type-product","3":"status-publish","4":"has-post-thumbnail","6":"product_cat-sistemas-computadorizados-para-placas","7":"pa_baujahr-182","8":"pa_hersteller-creo-scitex","9":"pa_typ-lotem-800-v","11":"first","12":"instock","13":"sold-individually","14":"taxable","15":"shipping-taxable","16":"purchasable","17":"product-type-simple"},"jetpack_sharing_enabled":true,"_links":{"self":[{"href":"https:\/\/www.3p-gmbh.de\/pt-br\/wp-json\/wp\/v2\/product\/93068","targetHints":{"allow":["GET"]}}],"collection":[{"href":"https:\/\/www.3p-gmbh.de\/pt-br\/wp-json\/wp\/v2\/product"}],"about":[{"href":"https:\/\/www.3p-gmbh.de\/pt-br\/wp-json\/wp\/v2\/types\/product"}],"wp:featuredmedia":[{"embeddable":true,"href":"https:\/\/www.3p-gmbh.de\/pt-br\/wp-json\/wp\/v2\/media\/64830"}],"wp:attachment":[{"href":"https:\/\/www.3p-gmbh.de\/pt-br\/wp-json\/wp\/v2\/media?parent=93068"}],"wp:term":[{"taxonomy":"product_brand","embeddable":true,"href":"https:\/\/www.3p-gmbh.de\/pt-br\/wp-json\/wp\/v2\/product_brand?post=93068"},{"taxonomy":"product_cat","embeddable":true,"href":"https:\/\/www.3p-gmbh.de\/pt-br\/wp-json\/wp\/v2\/product_cat?post=93068"},{"taxonomy":"product_tag","embeddable":true,"href":"https:\/\/www.3p-gmbh.de\/pt-br\/wp-json\/wp\/v2\/product_tag?post=93068"}],"curies":[{"name":"wp","href":"https:\/\/api.w.org\/{rel}","templated":true}]}}