{"id":93067,"date":"2019-07-11T13:53:45","date_gmt":"2019-07-11T13:53:45","guid":{"rendered":"https:\/\/www.3p-gmbh.de\/produkt\/heidelberg-duosetter-quasar-filmsetter\/"},"modified":"2019-07-11T13:53:45","modified_gmt":"2019-07-11T13:53:45","slug":"gravador-de-filmes-e-chapas","status":"publish","type":"product","link":"https:\/\/www.3p-gmbh.de\/pt-br\/produkt\/gravador-de-filmes-e-chapas\/","title":{"rendered":"Heidelberg Duosetter\/Quasar filmsetter"},"content":{"rendered":"<ul>\n<li>Heidelberg Duosetter com m\u00e1quina de perfura\u00e7\u00e3o de 5 furos Bacher<\/li>\n<li>2 cassetes de armazenamento<\/li>\n<\/ul>\n","protected":false},"excerpt":{"rendered":"<p>Heidelberg Duosetter com m\u00e1quina de perfura\u00e7\u00e3o de 5 furos Bacher 2 cassetes de armazenamento<\/p>\n","protected":false},"featured_media":64836,"template":"","meta":[],"product_brand":[],"product_cat":[2937],"product_tag":[],"class_list":{"0":"post-93067","1":"product","2":"type-product","3":"status-publish","4":"has-post-thumbnail","6":"product_cat-sistemas-de-revelacao-de-filmes","7":"pa_baujahr-130","8":"pa_hersteller-heidelberg","9":"pa_typ-duosetter-mit-bacher-5lochstanze","11":"first","12":"instock","13":"sold-individually","14":"taxable","15":"shipping-taxable","16":"purchasable","17":"product-type-simple"},"jetpack_sharing_enabled":true,"_links":{"self":[{"href":"https:\/\/www.3p-gmbh.de\/pt-br\/wp-json\/wp\/v2\/product\/93067","targetHints":{"allow":["GET"]}}],"collection":[{"href":"https:\/\/www.3p-gmbh.de\/pt-br\/wp-json\/wp\/v2\/product"}],"about":[{"href":"https:\/\/www.3p-gmbh.de\/pt-br\/wp-json\/wp\/v2\/types\/product"}],"wp:featuredmedia":[{"embeddable":true,"href":"https:\/\/www.3p-gmbh.de\/pt-br\/wp-json\/wp\/v2\/media\/64836"}],"wp:attachment":[{"href":"https:\/\/www.3p-gmbh.de\/pt-br\/wp-json\/wp\/v2\/media?parent=93067"}],"wp:term":[{"taxonomy":"product_brand","embeddable":true,"href":"https:\/\/www.3p-gmbh.de\/pt-br\/wp-json\/wp\/v2\/product_brand?post=93067"},{"taxonomy":"product_cat","embeddable":true,"href":"https:\/\/www.3p-gmbh.de\/pt-br\/wp-json\/wp\/v2\/product_cat?post=93067"},{"taxonomy":"product_tag","embeddable":true,"href":"https:\/\/www.3p-gmbh.de\/pt-br\/wp-json\/wp\/v2\/product_tag?post=93067"}],"curies":[{"name":"wp","href":"https:\/\/api.w.org\/{rel}","templated":true}]}}