{"id":93064,"date":"2019-07-11T13:53:45","date_gmt":"2019-07-11T13:53:45","guid":{"rendered":"https:\/\/www.3p-gmbh.de\/produkt\/agfa-avantra-25-e-filmsetter\/"},"modified":"2019-07-11T13:53:45","modified_gmt":"2019-07-11T13:53:45","slug":"filmadora-4-paginas","status":"publish","type":"product","link":"https:\/\/www.3p-gmbh.de\/pt-br\/produkt\/filmadora-4-paginas\/","title":{"rendered":"Agfa Avantra 25 E filmsetter"},"content":{"rendered":"<ul>\n<li>Dispositivo de capta\u00e7\u00e3o de imagens de tambor interior com d\u00edodo laser de luz vermelha de 650 nm<\/li>\n<li>m\u00e1ximo. Formato da exposi\u00e7\u00e3o 44,9 x 63,5 cm<\/li>\n<li>Resolu\u00e7\u00e3o 1200, 1800, 2400 dpi<\/li>\n<li>com o Apogee Rip e a m\u00e1quina de desenvolvimento online<\/li>\n<\/ul>\n","protected":false},"excerpt":{"rendered":"<p>Dispositivo de capta\u00e7\u00e3o de imagens de tambor interior com d\u00edodo laser de luz vermelha de 650 nm m\u00e1ximo. Formato da exposi\u00e7\u00e3o 44,9 x 63,5 cm Resolu\u00e7\u00e3o 1200, 1800, 2400 dpi com o Apogee Rip e a m\u00e1quina de desenvolvimento online<\/p>\n","protected":false},"featured_media":64833,"template":"","meta":[],"product_brand":[],"product_cat":[2937],"product_tag":[],"class_list":{"0":"post-93064","1":"product","2":"type-product","3":"status-publish","4":"has-post-thumbnail","6":"product_cat-sistemas-de-revelacao-de-filmes","7":"pa_baujahr-123","8":"pa_hersteller-agfa","9":"pa_typ-avantra-25-e","11":"first","12":"instock","13":"sold-individually","14":"taxable","15":"shipping-taxable","16":"purchasable","17":"product-type-simple"},"jetpack_sharing_enabled":true,"_links":{"self":[{"href":"https:\/\/www.3p-gmbh.de\/pt-br\/wp-json\/wp\/v2\/product\/93064","targetHints":{"allow":["GET"]}}],"collection":[{"href":"https:\/\/www.3p-gmbh.de\/pt-br\/wp-json\/wp\/v2\/product"}],"about":[{"href":"https:\/\/www.3p-gmbh.de\/pt-br\/wp-json\/wp\/v2\/types\/product"}],"wp:featuredmedia":[{"embeddable":true,"href":"https:\/\/www.3p-gmbh.de\/pt-br\/wp-json\/wp\/v2\/media\/64833"}],"wp:attachment":[{"href":"https:\/\/www.3p-gmbh.de\/pt-br\/wp-json\/wp\/v2\/media?parent=93064"}],"wp:term":[{"taxonomy":"product_brand","embeddable":true,"href":"https:\/\/www.3p-gmbh.de\/pt-br\/wp-json\/wp\/v2\/product_brand?post=93064"},{"taxonomy":"product_cat","embeddable":true,"href":"https:\/\/www.3p-gmbh.de\/pt-br\/wp-json\/wp\/v2\/product_cat?post=93064"},{"taxonomy":"product_tag","embeddable":true,"href":"https:\/\/www.3p-gmbh.de\/pt-br\/wp-json\/wp\/v2\/product_tag?post=93064"}],"curies":[{"name":"wp","href":"https:\/\/api.w.org\/{rel}","templated":true}]}}