{"id":93056,"date":"2019-07-11T13:53:56","date_gmt":"2019-07-11T13:53:56","guid":{"rendered":"https:\/\/www.3p-gmbh.de\/produkt\/scangraphic-scantext-largo-filmsetter\/"},"modified":"2019-07-11T13:53:56","modified_gmt":"2019-07-11T13:53:56","slug":"scantext-largo","status":"publish","type":"product","link":"https:\/\/www.3p-gmbh.de\/pt-br\/produkt\/scantext-largo\/","title":{"rendered":"Scangraphic Scantext Largo filmsetter"},"content":{"rendered":"<ul>\n<li>Mesa de imagens de tambor interno com largura de filme de 1.040 mm<\/li>\n<li>Formato de sa\u00edda 685 x 1.020 mil\u00edmetros<\/li>\n<li>Perfura\u00e7\u00e3o do registo de 3 pontos no lado comprido<\/li>\n<li>N\u00edveis de resolu\u00e7\u00e3o 1.270, 1.905, 2.540 e 3.175 dpi<\/li>\n<li>Programador em linha Glunz &amp; Jensen ML 125<\/li>\n<\/ul>\n","protected":false},"excerpt":{"rendered":"<p>Mesa de imagens de tambor interno com largura de filme de 1.040 mm Formato de sa\u00edda 685 x 1.020 mil\u00edmetros Perfura\u00e7\u00e3o do registo de 3 pontos no lado comprido N\u00edveis de resolu\u00e7\u00e3o 1.270, 1.905, 2.540 e 3.175 dpi Programador em linha Glunz &amp; Jensen ML 125<\/p>\n","protected":false},"featured_media":64848,"template":"","meta":[],"product_brand":[],"product_cat":[2937],"product_tag":[],"class_list":{"0":"post-93056","1":"product","2":"type-product","3":"status-publish","4":"has-post-thumbnail","6":"product_cat-sistemas-de-revelacao-de-filmes","7":"pa_hersteller-scangrafic","8":"pa_typ-largo","10":"first","11":"instock","12":"sold-individually","13":"taxable","14":"shipping-taxable","15":"purchasable","16":"product-type-simple"},"jetpack_sharing_enabled":true,"_links":{"self":[{"href":"https:\/\/www.3p-gmbh.de\/pt-br\/wp-json\/wp\/v2\/product\/93056","targetHints":{"allow":["GET"]}}],"collection":[{"href":"https:\/\/www.3p-gmbh.de\/pt-br\/wp-json\/wp\/v2\/product"}],"about":[{"href":"https:\/\/www.3p-gmbh.de\/pt-br\/wp-json\/wp\/v2\/types\/product"}],"wp:featuredmedia":[{"embeddable":true,"href":"https:\/\/www.3p-gmbh.de\/pt-br\/wp-json\/wp\/v2\/media\/64848"}],"wp:attachment":[{"href":"https:\/\/www.3p-gmbh.de\/pt-br\/wp-json\/wp\/v2\/media?parent=93056"}],"wp:term":[{"taxonomy":"product_brand","embeddable":true,"href":"https:\/\/www.3p-gmbh.de\/pt-br\/wp-json\/wp\/v2\/product_brand?post=93056"},{"taxonomy":"product_cat","embeddable":true,"href":"https:\/\/www.3p-gmbh.de\/pt-br\/wp-json\/wp\/v2\/product_cat?post=93056"},{"taxonomy":"product_tag","embeddable":true,"href":"https:\/\/www.3p-gmbh.de\/pt-br\/wp-json\/wp\/v2\/product_tag?post=93056"}],"curies":[{"name":"wp","href":"https:\/\/api.w.org\/{rel}","templated":true}]}}