{"id":93025,"date":"2019-07-11T13:53:56","date_gmt":"2019-07-11T13:53:56","guid":{"rendered":"https:\/\/www.3p-gmbh.de\/produkt\/agfa-accuset-1500-gravador-de-pelicula-com-cabrestante\/"},"modified":"2019-07-11T13:53:56","modified_gmt":"2019-07-11T13:53:56","slug":"expositor-de-cabrestante","status":"publish","type":"product","link":"https:\/\/www.3p-gmbh.de\/pt-br\/produkt\/expositor-de-cabrestante\/","title":{"rendered":"Agfa Accuset 1500 &#8211; Gravador de pel\u00edcula com cabrestante"},"content":{"rendered":"<ul>\n<li>Gravador de pel\u00edcula de cabrestante para aplica\u00e7\u00f5es PostScript<\/li>\n<li>adequado para impressores comerciais, fabricantes de carimbos, impressores serigr\u00e1ficos, est\u00fadios de exposi\u00e7\u00e3o, jornais e impressores internos<\/li>\n<li>355 mm Largura de exposi\u00e7\u00e3o<\/li>\n<li>Dura\u00e7\u00e3o de exposi\u00e7\u00e3o defin\u00edvel pelo utilizador<\/li>\n<li>D\u00edodo laser de luz vermelha com 670nm<\/li>\n<li>m\u00e1ximo. Resolu\u00e7\u00e3o 1200,1800,2400, 3000 dpi<\/li>\n<\/ul>\n","protected":false},"excerpt":{"rendered":"<p>Gravador de pel\u00edcula de cabrestante para aplica\u00e7\u00f5es PostScript adequado para impressores comerciais, fabricantes de carimbos, impressores serigr\u00e1ficos, est\u00fadios de exposi\u00e7\u00e3o, jornais e impressores internos 355 mm Largura de exposi\u00e7\u00e3o Dura\u00e7\u00e3o de exposi\u00e7\u00e3o defin\u00edvel pelo utilizador D\u00edodo laser de luz vermelha com 670nm m\u00e1ximo. Resolu\u00e7\u00e3o 1200,1800,2400, 3000 dpi<\/p>\n","protected":false},"featured_media":71994,"template":"","meta":[],"product_brand":[],"product_cat":[2937],"product_tag":[],"class_list":{"0":"post-93025","1":"product","2":"type-product","3":"status-publish","4":"has-post-thumbnail","6":"product_cat-sistemas-de-revelacao-de-filmes","7":"pa_baujahr-209","8":"pa_hersteller-agfa","9":"pa_typ-accuset-1000","11":"first","12":"instock","13":"sold-individually","14":"taxable","15":"shipping-taxable","16":"purchasable","17":"product-type-simple"},"jetpack_sharing_enabled":true,"_links":{"self":[{"href":"https:\/\/www.3p-gmbh.de\/pt-br\/wp-json\/wp\/v2\/product\/93025","targetHints":{"allow":["GET"]}}],"collection":[{"href":"https:\/\/www.3p-gmbh.de\/pt-br\/wp-json\/wp\/v2\/product"}],"about":[{"href":"https:\/\/www.3p-gmbh.de\/pt-br\/wp-json\/wp\/v2\/types\/product"}],"wp:featuredmedia":[{"embeddable":true,"href":"https:\/\/www.3p-gmbh.de\/pt-br\/wp-json\/wp\/v2\/media\/71994"}],"wp:attachment":[{"href":"https:\/\/www.3p-gmbh.de\/pt-br\/wp-json\/wp\/v2\/media?parent=93025"}],"wp:term":[{"taxonomy":"product_brand","embeddable":true,"href":"https:\/\/www.3p-gmbh.de\/pt-br\/wp-json\/wp\/v2\/product_brand?post=93025"},{"taxonomy":"product_cat","embeddable":true,"href":"https:\/\/www.3p-gmbh.de\/pt-br\/wp-json\/wp\/v2\/product_cat?post=93025"},{"taxonomy":"product_tag","embeddable":true,"href":"https:\/\/www.3p-gmbh.de\/pt-br\/wp-json\/wp\/v2\/product_tag?post=93025"}],"curies":[{"name":"wp","href":"https:\/\/api.w.org\/{rel}","templated":true}]}}