{"id":93024,"date":"2019-07-11T13:53:56","date_gmt":"2019-07-11T13:53:56","guid":{"rendered":"https:\/\/www.3p-gmbh.de\/produkt\/linotype-heidelberg-signasetter-fotocompositora-de-pelicula\/"},"modified":"2019-07-11T13:53:56","modified_gmt":"2019-07-11T13:53:56","slug":"filmadora-3","status":"publish","type":"product","link":"https:\/\/www.3p-gmbh.de\/pt-br\/produkt\/filmadora-3\/","title":{"rendered":"Linotype\/Heidelberg Signasetter fotocompositora de pel\u00edcula"},"content":{"rendered":"<ul>\n<li>Gravador de tambor interno de alta precis\u00e3o<\/li>\n<li>com o pun\u00e7\u00e3o de registo Bacher 2000 no formato longo<\/li>\n<li>Formato de exposi\u00e7\u00e3o 770 x 1070 mm<\/li>\n<li>Larguras de material de 460 a 1080 mm em 27 passos<\/li>\n<li>Resolu\u00e7\u00e3o 1270 a 5080 dpi<\/li>\n<li>Processamento de filmes em linha Kodamatic 1250i<\/li>\n<\/ul>\n","protected":false},"excerpt":{"rendered":"<p>Gravador de tambor interno de alta precis\u00e3o com o pun\u00e7\u00e3o de registo Bacher 2000 no formato longo Formato de exposi\u00e7\u00e3o 770 x 1070 mm Larguras de material de 460 a 1080 mm em 27 passos Resolu\u00e7\u00e3o 1270 a 5080 dpi Processamento de filmes em linha Kodamatic 1250i<\/p>\n","protected":false},"featured_media":64869,"template":"","meta":[],"product_brand":[],"product_cat":[2937],"product_tag":[],"class_list":{"0":"post-93024","1":"product","2":"type-product","3":"status-publish","4":"has-post-thumbnail","6":"product_cat-sistemas-de-revelacao-de-filmes","7":"pa_baujahr-209","8":"pa_hersteller-linotype-heidelberg","9":"pa_typ-signasetter","11":"first","12":"instock","13":"sold-individually","14":"taxable","15":"shipping-taxable","16":"purchasable","17":"product-type-simple"},"jetpack_sharing_enabled":true,"_links":{"self":[{"href":"https:\/\/www.3p-gmbh.de\/pt-br\/wp-json\/wp\/v2\/product\/93024","targetHints":{"allow":["GET"]}}],"collection":[{"href":"https:\/\/www.3p-gmbh.de\/pt-br\/wp-json\/wp\/v2\/product"}],"about":[{"href":"https:\/\/www.3p-gmbh.de\/pt-br\/wp-json\/wp\/v2\/types\/product"}],"wp:featuredmedia":[{"embeddable":true,"href":"https:\/\/www.3p-gmbh.de\/pt-br\/wp-json\/wp\/v2\/media\/64869"}],"wp:attachment":[{"href":"https:\/\/www.3p-gmbh.de\/pt-br\/wp-json\/wp\/v2\/media?parent=93024"}],"wp:term":[{"taxonomy":"product_brand","embeddable":true,"href":"https:\/\/www.3p-gmbh.de\/pt-br\/wp-json\/wp\/v2\/product_brand?post=93024"},{"taxonomy":"product_cat","embeddable":true,"href":"https:\/\/www.3p-gmbh.de\/pt-br\/wp-json\/wp\/v2\/product_cat?post=93024"},{"taxonomy":"product_tag","embeddable":true,"href":"https:\/\/www.3p-gmbh.de\/pt-br\/wp-json\/wp\/v2\/product_tag?post=93024"}],"curies":[{"name":"wp","href":"https:\/\/api.w.org\/{rel}","templated":true}]}}