{"id":93022,"date":"2019-07-11T13:53:56","date_gmt":"2019-07-11T13:53:56","guid":{"rendered":"https:\/\/www.3p-gmbh.de\/produkt\/sistema-dpx-460-polyesterctp\/"},"modified":"2019-07-11T13:53:56","modified_gmt":"2019-07-11T13:53:56","slug":"sistema-ctp-de-poliester","status":"publish","type":"product","link":"https:\/\/www.3p-gmbh.de\/pt-br\/produkt\/sistema-ctp-de-poliester\/","title":{"rendered":"Sistema DPX 460 PolyesterCtP"},"content":{"rendered":"<ul>\n<li>para a produ\u00e7\u00e3o de placas de impress\u00e3o em poli\u00e9ster cortadas sob press\u00e3o prontas a imprimir para a GTO, Ryobi 5x<\/li>\n<li>at\u00e9 3600 dpi<\/li>\n<li>Capacidade de execu\u00e7\u00e3o 20-25000 folhas<\/li>\n<li>Resolu\u00e7\u00e3o at\u00e9 70 raster<\/li>\n<li>pun\u00e7\u00e3o de registo integrado<\/li>\n<li>DPX-RIP-Mate V8.x<\/li>\n<\/ul>\n","protected":false},"excerpt":{"rendered":"<p>para a produ\u00e7\u00e3o de placas de impress\u00e3o em poli\u00e9ster cortadas sob press\u00e3o prontas a imprimir para a GTO, Ryobi 5x at\u00e9 3600 dpi Capacidade de execu\u00e7\u00e3o 20-25000 folhas Resolu\u00e7\u00e3o at\u00e9 70 raster pun\u00e7\u00e3o de registo integrado DPX-RIP-Mate V8.x<\/p>\n","protected":false},"featured_media":64872,"template":"","meta":[],"product_brand":[],"product_cat":[2865],"product_tag":[],"class_list":{"0":"post-93022","1":"product","2":"type-product","3":"status-publish","4":"has-post-thumbnail","6":"product_cat-sistemas-computadorizados-para-placas","7":"pa_baujahr-140","8":"pa_hersteller-mitsubishi","9":"pa_typ-dpx-460","11":"first","12":"instock","13":"sold-individually","14":"taxable","15":"shipping-taxable","16":"purchasable","17":"product-type-simple"},"jetpack_sharing_enabled":true,"_links":{"self":[{"href":"https:\/\/www.3p-gmbh.de\/pt-br\/wp-json\/wp\/v2\/product\/93022","targetHints":{"allow":["GET"]}}],"collection":[{"href":"https:\/\/www.3p-gmbh.de\/pt-br\/wp-json\/wp\/v2\/product"}],"about":[{"href":"https:\/\/www.3p-gmbh.de\/pt-br\/wp-json\/wp\/v2\/types\/product"}],"wp:featuredmedia":[{"embeddable":true,"href":"https:\/\/www.3p-gmbh.de\/pt-br\/wp-json\/wp\/v2\/media\/64872"}],"wp:attachment":[{"href":"https:\/\/www.3p-gmbh.de\/pt-br\/wp-json\/wp\/v2\/media?parent=93022"}],"wp:term":[{"taxonomy":"product_brand","embeddable":true,"href":"https:\/\/www.3p-gmbh.de\/pt-br\/wp-json\/wp\/v2\/product_brand?post=93022"},{"taxonomy":"product_cat","embeddable":true,"href":"https:\/\/www.3p-gmbh.de\/pt-br\/wp-json\/wp\/v2\/product_cat?post=93022"},{"taxonomy":"product_tag","embeddable":true,"href":"https:\/\/www.3p-gmbh.de\/pt-br\/wp-json\/wp\/v2\/product_tag?post=93022"}],"curies":[{"name":"wp","href":"https:\/\/api.w.org\/{rel}","templated":true}]}}