{"id":93002,"date":"2019-07-11T13:53:09","date_gmt":"2019-07-11T13:53:09","guid":{"rendered":"https:\/\/www.3p-gmbh.de\/produkt\/unidade-de-impressao-heidelberg-para-a-versao-mo-plus-da-heidelberg\/"},"modified":"2019-07-11T13:53:09","modified_gmt":"2019-07-11T13:53:09","slug":"imprint-works-for-heidelberg-mo-plusversion","status":"publish","type":"product","link":"https:\/\/www.3p-gmbh.de\/pt-br\/produkt\/imprint-works-for-heidelberg-mo-plusversion\/","title":{"rendered":"Unidade de impress\u00e3o Heidelberg para a vers\u00e3o MO Plus da Heidelberg"},"content":{"rendered":"<p>Dispositivo de numera\u00e7\u00e3o, constitu\u00eddo por:<\/p>\n<ul>\n<li>1 caixa de pintura<\/li>\n<li>1 Eixo numerador com parafusos de fixa\u00e7\u00e3o<\/li>\n<li>1 anel de assento<\/li>\n<li>2 bra\u00e7os de interrutor<\/li>\n<li>1 Bra\u00e7o duplo do interrutor<\/li>\n<li>3 Unidades de numera\u00e7\u00e3o<\/li>\n<li>1 tabuleiro de recolha de \u00e1gua<\/li>\n<\/ul>\n","protected":false},"excerpt":{"rendered":"<p>Dispositivo de numera\u00e7\u00e3o, constitu\u00eddo por: 1 caixa de pintura 1 Eixo numerador com parafusos de fixa\u00e7\u00e3o 1 anel de assento 2 bra\u00e7os de interrutor 1 Bra\u00e7o duplo do interrutor 3 Unidades de numera\u00e7\u00e3o 1 tabuleiro de recolha de \u00e1gua<\/p>\n","protected":false},"featured_media":64320,"template":"","meta":[],"product_brand":[],"product_cat":[2898],"product_tag":[],"class_list":{"0":"post-93002","1":"product","2":"type-product","3":"status-publish","4":"has-post-thumbnail","6":"product_cat-acessorios-e-pecas-sobressalentes-para-prensas","7":"pa_hersteller-heidelberger-druckmaschinen","8":"pa_typ-eindruckwerk","10":"first","11":"instock","12":"sold-individually","13":"taxable","14":"shipping-taxable","15":"purchasable","16":"product-type-simple"},"jetpack_sharing_enabled":true,"_links":{"self":[{"href":"https:\/\/www.3p-gmbh.de\/pt-br\/wp-json\/wp\/v2\/product\/93002","targetHints":{"allow":["GET"]}}],"collection":[{"href":"https:\/\/www.3p-gmbh.de\/pt-br\/wp-json\/wp\/v2\/product"}],"about":[{"href":"https:\/\/www.3p-gmbh.de\/pt-br\/wp-json\/wp\/v2\/types\/product"}],"wp:featuredmedia":[{"embeddable":true,"href":"https:\/\/www.3p-gmbh.de\/pt-br\/wp-json\/wp\/v2\/media\/64320"}],"wp:attachment":[{"href":"https:\/\/www.3p-gmbh.de\/pt-br\/wp-json\/wp\/v2\/media?parent=93002"}],"wp:term":[{"taxonomy":"product_brand","embeddable":true,"href":"https:\/\/www.3p-gmbh.de\/pt-br\/wp-json\/wp\/v2\/product_brand?post=93002"},{"taxonomy":"product_cat","embeddable":true,"href":"https:\/\/www.3p-gmbh.de\/pt-br\/wp-json\/wp\/v2\/product_cat?post=93002"},{"taxonomy":"product_tag","embeddable":true,"href":"https:\/\/www.3p-gmbh.de\/pt-br\/wp-json\/wp\/v2\/product_tag?post=93002"}],"curies":[{"name":"wp","href":"https:\/\/api.w.org\/{rel}","templated":true}]}}