{"id":92999,"date":"2019-07-11T13:53:09","date_gmt":"2019-07-11T13:53:09","guid":{"rendered":"https:\/\/www.3p-gmbh.de\/produkt\/densitometro-viptronic-vipdens-c-9-p\/"},"modified":"2019-07-11T13:53:09","modified_gmt":"2019-07-11T13:53:09","slug":"densitometro","status":"publish","type":"product","link":"https:\/\/www.3p-gmbh.de\/pt-br\/produkt\/densitometro\/","title":{"rendered":"Densit\u00f3metro Viptronic Vipdens C 9-P"},"content":{"rendered":"<ul>\n<li>Fun\u00e7\u00f5es de medi\u00e7\u00e3o: Densidade, todas as densidades, diferen\u00e7a de densidade, aumento, curva carater\u00edstica, cobertura de \u00e1rea, contraste, aceita\u00e7\u00e3o de cor, erro de matiz<\/li>\n<li>com carregador e cart\u00e3o de calibra\u00e7\u00e3o<\/li>\n<\/ul>\n","protected":false},"excerpt":{"rendered":"<p>Fun\u00e7\u00f5es de medi\u00e7\u00e3o: Densidade, todas as densidades, diferen\u00e7a de densidade, aumento, curva carater\u00edstica, cobertura de \u00e1rea, contraste, aceita\u00e7\u00e3o de cor, erro de matiz com carregador e cart\u00e3o de calibra\u00e7\u00e3o<\/p>\n","protected":false},"featured_media":64329,"template":"","meta":[],"product_brand":[],"product_cat":[2931],"product_tag":[],"class_list":{"0":"post-92999","1":"product","2":"type-product","3":"status-publish","4":"has-post-thumbnail","6":"product_cat-instrumentos-de-medicao-e-garantia-de-qualidade","7":"pa_baujahr-153","8":"pa_hersteller-viptronic-gretag-macbeth","9":"pa_typ-vipdens-c-9-p","11":"first","12":"instock","13":"sold-individually","14":"taxable","15":"shipping-taxable","16":"purchasable","17":"product-type-simple"},"jetpack_sharing_enabled":true,"_links":{"self":[{"href":"https:\/\/www.3p-gmbh.de\/pt-br\/wp-json\/wp\/v2\/product\/92999","targetHints":{"allow":["GET"]}}],"collection":[{"href":"https:\/\/www.3p-gmbh.de\/pt-br\/wp-json\/wp\/v2\/product"}],"about":[{"href":"https:\/\/www.3p-gmbh.de\/pt-br\/wp-json\/wp\/v2\/types\/product"}],"wp:featuredmedia":[{"embeddable":true,"href":"https:\/\/www.3p-gmbh.de\/pt-br\/wp-json\/wp\/v2\/media\/64329"}],"wp:attachment":[{"href":"https:\/\/www.3p-gmbh.de\/pt-br\/wp-json\/wp\/v2\/media?parent=92999"}],"wp:term":[{"taxonomy":"product_brand","embeddable":true,"href":"https:\/\/www.3p-gmbh.de\/pt-br\/wp-json\/wp\/v2\/product_brand?post=92999"},{"taxonomy":"product_cat","embeddable":true,"href":"https:\/\/www.3p-gmbh.de\/pt-br\/wp-json\/wp\/v2\/product_cat?post=92999"},{"taxonomy":"product_tag","embeddable":true,"href":"https:\/\/www.3p-gmbh.de\/pt-br\/wp-json\/wp\/v2\/product_tag?post=92999"}],"curies":[{"name":"wp","href":"https:\/\/api.w.org\/{rel}","templated":true}]}}