{"id":92991,"date":"2019-07-11T13:53:09","date_gmt":"2019-07-11T13:53:09","guid":{"rendered":"https:\/\/www.3p-gmbh.de\/produkt\/puncao-de-chapa-de-impressao-heidelberg-220-mm\/"},"modified":"2019-07-11T13:53:09","modified_gmt":"2019-07-11T13:53:09","slug":"puncao-de-chapa-220mm-sqm-gto","status":"publish","type":"product","link":"https:\/\/www.3p-gmbh.de\/pt-br\/produkt\/puncao-de-chapa-220mm-sqm-gto\/","title":{"rendered":"Pun\u00e7\u00e3o de chapa de impress\u00e3o Heidelberg 220 mm"},"content":{"rendered":"<p>pode ser utilizado para Quickmaster ou GTO 46\/52<\/p>\n","protected":false},"excerpt":{"rendered":"<p>pode ser utilizado para Quickmaster ou GTO 46\/52<\/p>\n","protected":false},"featured_media":64347,"template":"","meta":[],"product_brand":[],"product_cat":[2898],"product_tag":[],"class_list":{"0":"post-92991","1":"product","2":"type-product","3":"status-publish","4":"has-post-thumbnail","6":"product_cat-acessorios-e-pecas-sobressalentes-para-prensas","7":"pa_hersteller-heidelberg","9":"first","10":"instock","11":"sold-individually","12":"taxable","13":"shipping-taxable","14":"purchasable","15":"product-type-simple"},"jetpack_sharing_enabled":true,"_links":{"self":[{"href":"https:\/\/www.3p-gmbh.de\/pt-br\/wp-json\/wp\/v2\/product\/92991","targetHints":{"allow":["GET"]}}],"collection":[{"href":"https:\/\/www.3p-gmbh.de\/pt-br\/wp-json\/wp\/v2\/product"}],"about":[{"href":"https:\/\/www.3p-gmbh.de\/pt-br\/wp-json\/wp\/v2\/types\/product"}],"wp:featuredmedia":[{"embeddable":true,"href":"https:\/\/www.3p-gmbh.de\/pt-br\/wp-json\/wp\/v2\/media\/64347"}],"wp:attachment":[{"href":"https:\/\/www.3p-gmbh.de\/pt-br\/wp-json\/wp\/v2\/media?parent=92991"}],"wp:term":[{"taxonomy":"product_brand","embeddable":true,"href":"https:\/\/www.3p-gmbh.de\/pt-br\/wp-json\/wp\/v2\/product_brand?post=92991"},{"taxonomy":"product_cat","embeddable":true,"href":"https:\/\/www.3p-gmbh.de\/pt-br\/wp-json\/wp\/v2\/product_cat?post=92991"},{"taxonomy":"product_tag","embeddable":true,"href":"https:\/\/www.3p-gmbh.de\/pt-br\/wp-json\/wp\/v2\/product_tag?post=92991"}],"curies":[{"name":"wp","href":"https:\/\/api.w.org\/{rel}","templated":true}]}}