{"id":92984,"date":"2019-07-11T13:53:09","date_gmt":"2019-07-11T13:53:09","guid":{"rendered":"https:\/\/www.3p-gmbh.de\/produkt\/unidade-de-limpeza-de-rolos-de-amortecimento-stamm-fwra-3000\/"},"modified":"2019-07-11T13:53:09","modified_gmt":"2019-07-11T13:53:09","slug":"dispositivo-de-limpeza-do-rolo-amortecedor","status":"publish","type":"product","link":"https:\/\/www.3p-gmbh.de\/pt-br\/produkt\/dispositivo-de-limpeza-do-rolo-amortecedor\/","title":{"rendered":"Unidade de limpeza de rolos de amortecimento Stamm FWRA-3000"},"content":{"rendered":"<ul>\n<li>para limpar os revestimentos dos rolos apenas com \u00e1gua<\/li>\n<li>para 3 rolos at\u00e9 100 cm de comprimento<\/li>\n<li>maior vida \u00fatil das coberturas dos rolos<\/li>\n<li>Secagem das coberturas sem tratamento manual<\/li>\n<li>Tempo de limpeza extremamente curto<\/li>\n<\/ul>\n","protected":false},"excerpt":{"rendered":"<p>para limpar os revestimentos dos rolos apenas com \u00e1gua para 3 rolos at\u00e9 100 cm de comprimento maior vida \u00fatil das coberturas dos rolos Secagem das coberturas sem tratamento manual Tempo de limpeza extremamente curto<\/p>\n","protected":false},"featured_media":64341,"template":"","meta":[],"product_brand":[],"product_cat":[2898],"product_tag":[],"class_list":{"0":"post-92984","1":"product","2":"type-product","3":"status-publish","4":"has-post-thumbnail","6":"product_cat-acessorios-e-pecas-sobressalentes-para-prensas","7":"pa_hersteller-herbert-stamm","8":"pa_typ-fwra-3000","10":"first","11":"instock","12":"sold-individually","13":"taxable","14":"shipping-taxable","15":"purchasable","16":"product-type-simple"},"jetpack_sharing_enabled":true,"_links":{"self":[{"href":"https:\/\/www.3p-gmbh.de\/pt-br\/wp-json\/wp\/v2\/product\/92984","targetHints":{"allow":["GET"]}}],"collection":[{"href":"https:\/\/www.3p-gmbh.de\/pt-br\/wp-json\/wp\/v2\/product"}],"about":[{"href":"https:\/\/www.3p-gmbh.de\/pt-br\/wp-json\/wp\/v2\/types\/product"}],"wp:featuredmedia":[{"embeddable":true,"href":"https:\/\/www.3p-gmbh.de\/pt-br\/wp-json\/wp\/v2\/media\/64341"}],"wp:attachment":[{"href":"https:\/\/www.3p-gmbh.de\/pt-br\/wp-json\/wp\/v2\/media?parent=92984"}],"wp:term":[{"taxonomy":"product_brand","embeddable":true,"href":"https:\/\/www.3p-gmbh.de\/pt-br\/wp-json\/wp\/v2\/product_brand?post=92984"},{"taxonomy":"product_cat","embeddable":true,"href":"https:\/\/www.3p-gmbh.de\/pt-br\/wp-json\/wp\/v2\/product_cat?post=92984"},{"taxonomy":"product_tag","embeddable":true,"href":"https:\/\/www.3p-gmbh.de\/pt-br\/wp-json\/wp\/v2\/product_tag?post=92984"}],"curies":[{"name":"wp","href":"https:\/\/api.w.org\/{rel}","templated":true}]}}