{"id":92975,"date":"2019-07-11T13:53:16","date_gmt":"2019-07-11T13:53:16","guid":{"rendered":"https:\/\/www.3p-gmbh.de\/produkt\/densitometro-de-luz-a-cores-techkon-r-410-e\/"},"modified":"2019-07-11T13:53:16","modified_gmt":"2019-07-11T13:53:16","slug":"densitometro-de-luz-colorida-2","status":"publish","type":"product","link":"https:\/\/www.3p-gmbh.de\/pt-br\/produkt\/densitometro-de-luz-colorida-2\/","title":{"rendered":"Densit\u00f3metro de luz a cores Techkon R 410 e"},"content":{"rendered":"<ul>\n<li>Densidade<\/li>\n<li>Diferen\u00e7a de densidade<\/li>\n<li>Equil\u00edbrio de cinzentos e cores<\/li>\n<li>Cobertura da \u00e1rea (tamb\u00e9m para chapas de impress\u00e3o)<\/li>\n<li>Aumento do valor da tonalidade<\/li>\n<li>Contraste de impress\u00e3o<\/li>\n<li>Aceita\u00e7\u00e3o de cores<\/li>\n<li>Erro de tonalidade<\/li>\n<li>Enegrecimento<\/li>\n<li>com carregador, cart\u00e3o de calibra\u00e7\u00e3o, estojo de equipamento<\/li>\n<\/ul>\n","protected":false},"excerpt":{"rendered":"<p>Densidade Diferen\u00e7a de densidade Equil\u00edbrio de cinzentos e cores Cobertura da \u00e1rea (tamb\u00e9m para chapas de impress\u00e3o) Aumento do valor da tonalidade Contraste de impress\u00e3o Aceita\u00e7\u00e3o de cores Erro de tonalidade Enegrecimento com carregador, cart\u00e3o de calibra\u00e7\u00e3o, estojo de equipamento<\/p>\n","protected":false},"featured_media":64356,"template":"","meta":[],"product_brand":[],"product_cat":[2931],"product_tag":[],"class_list":{"0":"post-92975","1":"product","2":"type-product","3":"status-publish","4":"has-post-thumbnail","6":"product_cat-instrumentos-de-medicao-e-garantia-de-qualidade","7":"pa_baujahr-198","8":"pa_hersteller-techkon","9":"pa_typ-r-410e","11":"first","12":"instock","13":"sold-individually","14":"taxable","15":"shipping-taxable","16":"purchasable","17":"product-type-simple"},"jetpack_sharing_enabled":true,"_links":{"self":[{"href":"https:\/\/www.3p-gmbh.de\/pt-br\/wp-json\/wp\/v2\/product\/92975","targetHints":{"allow":["GET"]}}],"collection":[{"href":"https:\/\/www.3p-gmbh.de\/pt-br\/wp-json\/wp\/v2\/product"}],"about":[{"href":"https:\/\/www.3p-gmbh.de\/pt-br\/wp-json\/wp\/v2\/types\/product"}],"wp:featuredmedia":[{"embeddable":true,"href":"https:\/\/www.3p-gmbh.de\/pt-br\/wp-json\/wp\/v2\/media\/64356"}],"wp:attachment":[{"href":"https:\/\/www.3p-gmbh.de\/pt-br\/wp-json\/wp\/v2\/media?parent=92975"}],"wp:term":[{"taxonomy":"product_brand","embeddable":true,"href":"https:\/\/www.3p-gmbh.de\/pt-br\/wp-json\/wp\/v2\/product_brand?post=92975"},{"taxonomy":"product_cat","embeddable":true,"href":"https:\/\/www.3p-gmbh.de\/pt-br\/wp-json\/wp\/v2\/product_cat?post=92975"},{"taxonomy":"product_tag","embeddable":true,"href":"https:\/\/www.3p-gmbh.de\/pt-br\/wp-json\/wp\/v2\/product_tag?post=92975"}],"curies":[{"name":"wp","href":"https:\/\/api.w.org\/{rel}","templated":true}]}}