{"id":92963,"date":"2019-07-11T13:53:16","date_gmt":"2019-07-11T13:53:16","guid":{"rendered":"https:\/\/www.3p-gmbh.de\/produkt\/limpador-de-rolos-de-amortecimento-stamm-serie-fwra-3000\/"},"modified":"2019-07-11T13:53:16","modified_gmt":"2019-07-11T13:53:16","slug":"rolo-amortecedor-dispositivo-de-limpeza-2","status":"publish","type":"product","link":"https:\/\/www.3p-gmbh.de\/pt-br\/produkt\/rolo-amortecedor-dispositivo-de-limpeza-2\/","title":{"rendered":"Limpador de rolos de amortecimento Stamm S\u00e9rie FWRA 3000"},"content":{"rendered":"<ul>\n<li>para 1 rolo at\u00e9 100 cm de comprimento<\/li>\n<li>Limpar os revestimentos dos rolos apenas com \u00e1gua<\/li>\n<li>maior vida \u00fatil das coberturas dos rolos<\/li>\n<li>Secagem das coberturas sem tratamento manual<\/li>\n<li>Tempo de limpeza extremamente curto<\/li>\n<\/ul>\n","protected":false},"excerpt":{"rendered":"<p>para 1 rolo at\u00e9 100 cm de comprimento Limpar os revestimentos dos rolos apenas com \u00e1gua maior vida \u00fatil das coberturas dos rolos Secagem das coberturas sem tratamento manual Tempo de limpeza extremamente curto<\/p>\n","protected":false},"featured_media":64380,"template":"","meta":[],"product_brand":[],"product_cat":[2898],"product_tag":[],"class_list":{"0":"post-92963","1":"product","2":"type-product","3":"status-publish","4":"has-post-thumbnail","6":"product_cat-acessorios-e-pecas-sobressalentes-para-prensas","7":"pa_baujahr-165","8":"pa_hersteller-herbert-stamm","9":"pa_typ-fwra-2000","11":"first","12":"instock","13":"sold-individually","14":"taxable","15":"shipping-taxable","16":"purchasable","17":"product-type-simple"},"jetpack_sharing_enabled":true,"_links":{"self":[{"href":"https:\/\/www.3p-gmbh.de\/pt-br\/wp-json\/wp\/v2\/product\/92963","targetHints":{"allow":["GET"]}}],"collection":[{"href":"https:\/\/www.3p-gmbh.de\/pt-br\/wp-json\/wp\/v2\/product"}],"about":[{"href":"https:\/\/www.3p-gmbh.de\/pt-br\/wp-json\/wp\/v2\/types\/product"}],"wp:featuredmedia":[{"embeddable":true,"href":"https:\/\/www.3p-gmbh.de\/pt-br\/wp-json\/wp\/v2\/media\/64380"}],"wp:attachment":[{"href":"https:\/\/www.3p-gmbh.de\/pt-br\/wp-json\/wp\/v2\/media?parent=92963"}],"wp:term":[{"taxonomy":"product_brand","embeddable":true,"href":"https:\/\/www.3p-gmbh.de\/pt-br\/wp-json\/wp\/v2\/product_brand?post=92963"},{"taxonomy":"product_cat","embeddable":true,"href":"https:\/\/www.3p-gmbh.de\/pt-br\/wp-json\/wp\/v2\/product_cat?post=92963"},{"taxonomy":"product_tag","embeddable":true,"href":"https:\/\/www.3p-gmbh.de\/pt-br\/wp-json\/wp\/v2\/product_tag?post=92963"}],"curies":[{"name":"wp","href":"https:\/\/api.w.org\/{rel}","templated":true}]}}