{"id":92955,"date":"2019-07-11T13:53:16","date_gmt":"2019-07-11T13:53:16","guid":{"rendered":"https:\/\/www.3p-gmbh.de\/produkt\/lampada-de-teste-de-cor-unica\/"},"modified":"2019-07-11T13:53:16","modified_gmt":"2019-07-11T13:53:16","slug":"luminaria-a-cores","status":"publish","type":"product","link":"https:\/\/www.3p-gmbh.de\/pt-br\/produkt\/luminaria-a-cores\/","title":{"rendered":"L\u00e2mpada de teste de cor \u00fanica"},"content":{"rendered":"<ul>\n<li>Orienta\u00e7\u00e3o assim\u00e9trica da luz para uma ilumina\u00e7\u00e3o sem reflexos e sem espelhos<\/li>\n<li>Ilumina\u00e7\u00e3o 80 x 110 cm<\/li>\n<li>Contador de horas de funcionamento<\/li>\n<li>4 l\u00e2mpadas fluorescentes 36 Watt luz do dia<\/li>\n<li>Dimens\u00f5es exteriores A 223 x L 135 x 155<\/li>\n<\/ul>\n","protected":false},"excerpt":{"rendered":"<p>Orienta\u00e7\u00e3o assim\u00e9trica da luz para uma ilumina\u00e7\u00e3o sem reflexos e sem espelhos Ilumina\u00e7\u00e3o 80 x 110 cm Contador de horas de funcionamento 4 l\u00e2mpadas fluorescentes 36 Watt luz do dia Dimens\u00f5es exteriores A 223 x L 135 x 155<\/p>\n","protected":false},"featured_media":64383,"template":"","meta":[],"product_brand":[],"product_cat":[2898],"product_tag":[],"class_list":{"0":"post-92955","1":"product","2":"type-product","3":"status-publish","4":"has-post-thumbnail","6":"product_cat-acessorios-e-pecas-sobressalentes-para-prensas","7":"pa_baujahr-165","8":"pa_hersteller-just","10":"first","11":"instock","12":"sold-individually","13":"taxable","14":"shipping-taxable","15":"purchasable","16":"product-type-simple"},"jetpack_sharing_enabled":true,"_links":{"self":[{"href":"https:\/\/www.3p-gmbh.de\/pt-br\/wp-json\/wp\/v2\/product\/92955","targetHints":{"allow":["GET"]}}],"collection":[{"href":"https:\/\/www.3p-gmbh.de\/pt-br\/wp-json\/wp\/v2\/product"}],"about":[{"href":"https:\/\/www.3p-gmbh.de\/pt-br\/wp-json\/wp\/v2\/types\/product"}],"wp:featuredmedia":[{"embeddable":true,"href":"https:\/\/www.3p-gmbh.de\/pt-br\/wp-json\/wp\/v2\/media\/64383"}],"wp:attachment":[{"href":"https:\/\/www.3p-gmbh.de\/pt-br\/wp-json\/wp\/v2\/media?parent=92955"}],"wp:term":[{"taxonomy":"product_brand","embeddable":true,"href":"https:\/\/www.3p-gmbh.de\/pt-br\/wp-json\/wp\/v2\/product_brand?post=92955"},{"taxonomy":"product_cat","embeddable":true,"href":"https:\/\/www.3p-gmbh.de\/pt-br\/wp-json\/wp\/v2\/product_cat?post=92955"},{"taxonomy":"product_tag","embeddable":true,"href":"https:\/\/www.3p-gmbh.de\/pt-br\/wp-json\/wp\/v2\/product_tag?post=92955"}],"curies":[{"name":"wp","href":"https:\/\/api.w.org\/{rel}","templated":true}]}}