{"id":92946,"date":"2019-07-11T13:53:16","date_gmt":"2019-07-11T13:53:16","guid":{"rendered":"https:\/\/www.3p-gmbh.de\/produkt\/suporte-para-mudador-de-toalhas-eletrico-baldwin\/"},"modified":"2019-07-11T13:53:16","modified_gmt":"2019-07-11T13:53:16","slug":"suporte-para-mudanca-de-toalhas-de-banho-electricas-2","status":"publish","type":"product","link":"https:\/\/www.3p-gmbh.de\/pt-br\/produkt\/suporte-para-mudanca-de-toalhas-de-banho-electricas-2\/","title":{"rendered":"Suporte para mudador de toalhas el\u00e9trico Baldwin"},"content":{"rendered":"<p>A unidade \u00e9 utilizada para a produ\u00e7\u00e3o aut\u00f3noma de rolos de lavagem a partir de rolos de 500 metros (Dupont Sontara para Baldwin, Technotrans, lavadores de blanquetas Elettra) e \u00e9 adequada para todos os sistemas de lavagem de blanquetas e cilindros de impress\u00e3o dos fabricantes de impressoras mais populares no formato 3B (Heidelberg Speedmaster SM 52, 74, 102 CD e XL, KBA Rapida 74, 75, 105, Roland 300, 500, 700, Komori, Sakurai, etc.).<\/p>\n","protected":false},"excerpt":{"rendered":"<p>A unidade \u00e9 utilizada para a produ\u00e7\u00e3o aut\u00f3noma de rolos de lavagem a partir de rolos de 500 metros (Dupont Sontara para Baldwin, Technotrans, lavadores de blanquetas Elettra) e \u00e9 adequada para todos os sistemas de lavagem de blanquetas e cilindros de impress\u00e3o dos fabricantes de impressoras mais populares no formato 3B (Heidelberg Speedmaster SM [&hellip;]<\/p>\n","protected":false},"featured_media":64398,"template":"","meta":[],"product_brand":[],"product_cat":[2898],"product_tag":[],"class_list":{"0":"post-92946","1":"product","2":"type-product","3":"status-publish","4":"has-post-thumbnail","6":"product_cat-acessorios-e-pecas-sobressalentes-para-prensas","7":"pa_baujahr-168","8":"pa_hersteller-baldwin","10":"first","11":"instock","12":"sold-individually","13":"taxable","14":"shipping-taxable","15":"purchasable","16":"product-type-simple"},"jetpack_sharing_enabled":true,"_links":{"self":[{"href":"https:\/\/www.3p-gmbh.de\/pt-br\/wp-json\/wp\/v2\/product\/92946","targetHints":{"allow":["GET"]}}],"collection":[{"href":"https:\/\/www.3p-gmbh.de\/pt-br\/wp-json\/wp\/v2\/product"}],"about":[{"href":"https:\/\/www.3p-gmbh.de\/pt-br\/wp-json\/wp\/v2\/types\/product"}],"wp:featuredmedia":[{"embeddable":true,"href":"https:\/\/www.3p-gmbh.de\/pt-br\/wp-json\/wp\/v2\/media\/64398"}],"wp:attachment":[{"href":"https:\/\/www.3p-gmbh.de\/pt-br\/wp-json\/wp\/v2\/media?parent=92946"}],"wp:term":[{"taxonomy":"product_brand","embeddable":true,"href":"https:\/\/www.3p-gmbh.de\/pt-br\/wp-json\/wp\/v2\/product_brand?post=92946"},{"taxonomy":"product_cat","embeddable":true,"href":"https:\/\/www.3p-gmbh.de\/pt-br\/wp-json\/wp\/v2\/product_cat?post=92946"},{"taxonomy":"product_tag","embeddable":true,"href":"https:\/\/www.3p-gmbh.de\/pt-br\/wp-json\/wp\/v2\/product_tag?post=92946"}],"curies":[{"name":"wp","href":"https:\/\/api.w.org\/{rel}","templated":true}]}}