{"id":92944,"date":"2019-07-11T13:53:16","date_gmt":"2019-07-11T13:53:16","guid":{"rendered":"https:\/\/www.3p-gmbh.de\/produkt\/informacao-digital-caixa-inkzone\/"},"modified":"2019-07-11T13:53:16","modified_gmt":"2019-07-11T13:53:16","slug":"caixa-de-tinta","status":"publish","type":"product","link":"https:\/\/www.3p-gmbh.de\/pt-br\/produkt\/caixa-de-tinta\/","title":{"rendered":"Informa\u00e7\u00e3o digital Caixa InkZone"},"content":{"rendered":"<p>A caixa de hardware InkZone com o software de predefini\u00e7\u00e3o de chaves de tinta digital DI-Plot converte dados CIP3 ou JDF para utiliza\u00e7\u00e3o com as prensas KOMORI, Heidelberg, MAN-Roland ou KBA. O DI-Plot \u00e9 uma solu\u00e7\u00e3o econ\u00f3mica e completa. O pr\u00f3prio utilizador pode configurar a caixa, mesmo que os dados CIP3 devam ser convertidos para outras prensas. As impressoras, em particular, beneficiam da utiliza\u00e7\u00e3o do DI-PLOT. S\u00f3 \u00e9 necess\u00e1rio adquirir um sistema de convers\u00e3o CIP para as diferentes marcas de prensas da empresa.<\/p>\n<p>Inclu\u00eddo na entrega:<\/p>\n<ul>\n<li>Caixa InkZone (com unidade de disco, unidade para HD Jobcard, MAN Roland Jobcard) com predefini\u00e7\u00f5es padr\u00e3o para GTO-4, SM 52-4, SM 72-4, SM 74-4, SM 102-4, SM CD-4, R200-4, R300-4, R500-4, R500E-4, R700-4, R800 7B, R900 F4-4, R900 F5-4, R900 F6-4, KBA 74-4, KBA 105-4, KBA 130-4, KBA 142-4, KBA 162-4, AD 507-4, AD 705-4, AD 706-4, AD 806-4, Polly 705, Polly 66, Polly 74, Ryobi 52<\/li>\n<li>  Pacote de software DI-Plot com dongle USB<\/li>\n<\/ul>\n","protected":false},"excerpt":{"rendered":"<p>A caixa de hardware InkZone com o software de predefini\u00e7\u00e3o de chaves de tinta digital DI-Plot converte dados CIP3 ou JDF para utiliza\u00e7\u00e3o com as prensas KOMORI, Heidelberg, MAN-Roland ou KBA. O DI-Plot \u00e9 uma solu\u00e7\u00e3o econ\u00f3mica e completa. O pr\u00f3prio utilizador pode configurar a caixa, mesmo que os dados CIP3 devam ser convertidos para [&hellip;]<\/p>\n","protected":false},"featured_media":64404,"template":"","meta":[],"product_brand":[],"product_cat":[2931],"product_tag":[],"class_list":{"0":"post-92944","1":"product","2":"type-product","3":"status-publish","4":"has-post-thumbnail","6":"product_cat-instrumentos-de-medicao-e-garantia-de-qualidade","7":"pa_baujahr-168","8":"pa_hersteller-digital-information","10":"first","11":"instock","12":"sold-individually","13":"taxable","14":"shipping-taxable","15":"purchasable","16":"product-type-simple"},"jetpack_sharing_enabled":true,"_links":{"self":[{"href":"https:\/\/www.3p-gmbh.de\/pt-br\/wp-json\/wp\/v2\/product\/92944","targetHints":{"allow":["GET"]}}],"collection":[{"href":"https:\/\/www.3p-gmbh.de\/pt-br\/wp-json\/wp\/v2\/product"}],"about":[{"href":"https:\/\/www.3p-gmbh.de\/pt-br\/wp-json\/wp\/v2\/types\/product"}],"wp:featuredmedia":[{"embeddable":true,"href":"https:\/\/www.3p-gmbh.de\/pt-br\/wp-json\/wp\/v2\/media\/64404"}],"wp:attachment":[{"href":"https:\/\/www.3p-gmbh.de\/pt-br\/wp-json\/wp\/v2\/media?parent=92944"}],"wp:term":[{"taxonomy":"product_brand","embeddable":true,"href":"https:\/\/www.3p-gmbh.de\/pt-br\/wp-json\/wp\/v2\/product_brand?post=92944"},{"taxonomy":"product_cat","embeddable":true,"href":"https:\/\/www.3p-gmbh.de\/pt-br\/wp-json\/wp\/v2\/product_cat?post=92944"},{"taxonomy":"product_tag","embeddable":true,"href":"https:\/\/www.3p-gmbh.de\/pt-br\/wp-json\/wp\/v2\/product_tag?post=92944"}],"curies":[{"name":"wp","href":"https:\/\/api.w.org\/{rel}","templated":true}]}}