{"id":92940,"date":"2019-07-11T13:53:16","date_gmt":"2019-07-11T13:53:16","guid":{"rendered":"https:\/\/www.3p-gmbh.de\/produkt\/unidade-de-impressao-heidelberg-para-gto-46\/"},"modified":"2019-07-11T13:53:16","modified_gmt":"2019-07-11T13:53:16","slug":"impressao-2","status":"publish","type":"product","link":"https:\/\/www.3p-gmbh.de\/pt-br\/produkt\/impressao-2\/","title":{"rendered":"Unidade de impress\u00e3o Heidelberg para GTO 46"},"content":{"rendered":"<ul>\n<li>Caixa de pintura<\/li>\n<li>1 Eixo numerador com parafuso<\/li>\n<li>2 an\u00e9is de assento<\/li>\n<li>2 bra\u00e7os de interrutor RA<\/li>\n<li>1 tabuleiro de recolha de sujidade<\/li>\n<li>2 Unidades de numera\u00e7\u00e3o<\/li>\n<li>1 Manual de instru\u00e7\u00f5es<\/li>\n<\/ul>\n","protected":false},"excerpt":{"rendered":"<p>Caixa de pintura 1 Eixo numerador com parafuso 2 an\u00e9is de assento 2 bra\u00e7os de interrutor RA 1 tabuleiro de recolha de sujidade 2 Unidades de numera\u00e7\u00e3o 1 Manual de instru\u00e7\u00f5es<\/p>\n","protected":false},"featured_media":64392,"template":"","meta":[],"product_brand":[],"product_cat":[2898],"product_tag":[],"class_list":{"0":"post-92940","1":"product","2":"type-product","3":"status-publish","4":"has-post-thumbnail","6":"product_cat-acessorios-e-pecas-sobressalentes-para-prensas","7":"pa_baujahr-262","8":"pa_hersteller-heidelberg","9":"pa_typ-eindruckwerk-gto-46","11":"first","12":"instock","13":"sold-individually","14":"taxable","15":"shipping-taxable","16":"purchasable","17":"product-type-simple"},"jetpack_sharing_enabled":true,"_links":{"self":[{"href":"https:\/\/www.3p-gmbh.de\/pt-br\/wp-json\/wp\/v2\/product\/92940","targetHints":{"allow":["GET"]}}],"collection":[{"href":"https:\/\/www.3p-gmbh.de\/pt-br\/wp-json\/wp\/v2\/product"}],"about":[{"href":"https:\/\/www.3p-gmbh.de\/pt-br\/wp-json\/wp\/v2\/types\/product"}],"wp:featuredmedia":[{"embeddable":true,"href":"https:\/\/www.3p-gmbh.de\/pt-br\/wp-json\/wp\/v2\/media\/64392"}],"wp:attachment":[{"href":"https:\/\/www.3p-gmbh.de\/pt-br\/wp-json\/wp\/v2\/media?parent=92940"}],"wp:term":[{"taxonomy":"product_brand","embeddable":true,"href":"https:\/\/www.3p-gmbh.de\/pt-br\/wp-json\/wp\/v2\/product_brand?post=92940"},{"taxonomy":"product_cat","embeddable":true,"href":"https:\/\/www.3p-gmbh.de\/pt-br\/wp-json\/wp\/v2\/product_cat?post=92940"},{"taxonomy":"product_tag","embeddable":true,"href":"https:\/\/www.3p-gmbh.de\/pt-br\/wp-json\/wp\/v2\/product_tag?post=92940"}],"curies":[{"name":"wp","href":"https:\/\/api.w.org\/{rel}","templated":true}]}}