{"id":92935,"date":"2019-07-11T13:53:16","date_gmt":"2019-07-11T13:53:16","guid":{"rendered":"https:\/\/www.3p-gmbh.de\/produkt\/techkon-spectrodens-densitometro-espectral\/"},"modified":"2019-07-11T13:53:16","modified_gmt":"2019-07-11T13:53:16","slug":"densitometro-espetral","status":"publish","type":"product","link":"https:\/\/www.3p-gmbh.de\/pt-br\/produkt\/densitometro-espetral\/","title":{"rendered":"Techkon SpectroDens Densit\u00f3metro Espectral"},"content":{"rendered":"<p>Fun\u00e7\u00f5es:<\/p>\n<ul>\n<li>Medi\u00e7\u00e3o autom\u00e1tica<\/li>\n<li>Densidade CMYK<\/li>\n<li>Cobertura da \u00e1rea, aumento do valor tonal<\/li>\n<li>Equil\u00edbrio de cinzentos e cores<\/li>\n<li>Aceita\u00e7\u00e3o da cor de acordo com Preucil<\/li>\n<li>Contraste de impress\u00e3o<\/li>\n<\/ul>\n","protected":false},"excerpt":{"rendered":"<p>Fun\u00e7\u00f5es: Medi\u00e7\u00e3o autom\u00e1tica Densidade CMYK Cobertura da \u00e1rea, aumento do valor tonal Equil\u00edbrio de cinzentos e cores Aceita\u00e7\u00e3o da cor de acordo com Preucil Contraste de impress\u00e3o<\/p>\n","protected":false},"featured_media":64410,"template":"","meta":[],"product_brand":[],"product_cat":[2931],"product_tag":[],"class_list":{"0":"post-92935","1":"product","2":"type-product","3":"status-publish","4":"has-post-thumbnail","6":"product_cat-instrumentos-de-medicao-e-garantia-de-qualidade","7":"pa_baujahr-326","8":"pa_hersteller-techkon","9":"pa_typ-spectrodens","11":"first","12":"instock","13":"sold-individually","14":"taxable","15":"shipping-taxable","16":"purchasable","17":"product-type-simple"},"jetpack_sharing_enabled":true,"_links":{"self":[{"href":"https:\/\/www.3p-gmbh.de\/pt-br\/wp-json\/wp\/v2\/product\/92935","targetHints":{"allow":["GET"]}}],"collection":[{"href":"https:\/\/www.3p-gmbh.de\/pt-br\/wp-json\/wp\/v2\/product"}],"about":[{"href":"https:\/\/www.3p-gmbh.de\/pt-br\/wp-json\/wp\/v2\/types\/product"}],"wp:featuredmedia":[{"embeddable":true,"href":"https:\/\/www.3p-gmbh.de\/pt-br\/wp-json\/wp\/v2\/media\/64410"}],"wp:attachment":[{"href":"https:\/\/www.3p-gmbh.de\/pt-br\/wp-json\/wp\/v2\/media?parent=92935"}],"wp:term":[{"taxonomy":"product_brand","embeddable":true,"href":"https:\/\/www.3p-gmbh.de\/pt-br\/wp-json\/wp\/v2\/product_brand?post=92935"},{"taxonomy":"product_cat","embeddable":true,"href":"https:\/\/www.3p-gmbh.de\/pt-br\/wp-json\/wp\/v2\/product_cat?post=92935"},{"taxonomy":"product_tag","embeddable":true,"href":"https:\/\/www.3p-gmbh.de\/pt-br\/wp-json\/wp\/v2\/product_tag?post=92935"}],"curies":[{"name":"wp","href":"https:\/\/api.w.org\/{rel}","templated":true}]}}