{"id":92927,"date":"2019-07-11T13:53:16","date_gmt":"2019-07-11T13:53:16","guid":{"rendered":"https:\/\/www.3p-gmbh.de\/produkt\/inseridor-de-tiras-vacuumatic-cuti-2\/"},"modified":"2019-07-11T13:53:16","modified_gmt":"2019-07-11T13:53:16","slug":"conjunto-de-impregnacao-de-riscas-2","status":"publish","type":"product","link":"https:\/\/www.3p-gmbh.de\/pt-br\/produkt\/conjunto-de-impregnacao-de-riscas-2\/","title":{"rendered":"Inseridor de tiras Vacuumatic Cuti 2"},"content":{"rendered":"<ul>\n<li>Insertador de tiras, opcionalmente com sensor laser &#8211; sem liga\u00e7\u00e3o mec\u00e2nica ou el\u00e9ctrica \u00e0 prensa<\/li>\n<li>Solu\u00e7\u00e3o compacta, vers\u00e1til e econ\u00f3mica para contar e subdividir numa s\u00f3 opera\u00e7\u00e3o<\/li>\n<li>Especialmente desenvolvido tamb\u00e9m para utiliza\u00e7\u00e3o em prensas mais pequenas com alturas de pilha baixas<\/li>\n<li>Velocidade de contagem: at\u00e9 15.000 folhas\/h<\/li>\n<li>Altura de inser\u00e7\u00e3o at\u00e9 1500 mm<\/li>\n<li>Imposi\u00e7\u00e3o de tiras: 6 a 9999 folhas<\/li>\n<li>Tempo de corte: 5 folhas (n\u00e3o vari\u00e1vel)<\/li>\n<li>Comprimento da tira: de min. 100 mm at\u00e9 ao m\u00e1x. 200 mm regul\u00e1vel<\/li>\n<li>Pulsador: adaptador de interface, opticamente desacoplado<\/li>\n<li>Rolo de tiras: 13 mm de largura, comprimento aprox. 150 m, papel kraft 150 g\/m\u00b2<\/li>\n<li>Indica\u00e7\u00e3o da quantidade total, quantidade de embalagens, disparo, sinal quando o n\u00famero de pe\u00e7as \u00e9 atingido<\/li>\n<li>Suporte do rolo: \u00d8 235 mm, regul\u00e1vel a 45\u00b0, 90\u00b0 e 135\u00b0.<\/li>\n<li>Liga\u00e7\u00e3o: 230 V \/ 50\/60Hz<\/li>\n<li>Dimens\u00f5es: 142 x 141 x 75 mm (sem canal, suporte do rolo e suporte)<\/li>\n<li>Espa\u00e7o necess\u00e1rio para o suporte: 610 x 610 mm<\/li>\n<\/ul>\n","protected":false},"excerpt":{"rendered":"<p>Insertador de tiras, opcionalmente com sensor laser &#8211; sem liga\u00e7\u00e3o mec\u00e2nica ou el\u00e9ctrica \u00e0 prensa Solu\u00e7\u00e3o compacta, vers\u00e1til e econ\u00f3mica para contar e subdividir numa s\u00f3 opera\u00e7\u00e3o Especialmente desenvolvido tamb\u00e9m para utiliza\u00e7\u00e3o em prensas mais pequenas com alturas de pilha baixas Velocidade de contagem: at\u00e9 15.000 folhas\/h Altura de inser\u00e7\u00e3o at\u00e9 1500 mm Imposi\u00e7\u00e3o de [&hellip;]<\/p>\n","protected":false},"featured_media":64413,"template":"","meta":[],"product_brand":[],"product_cat":[3001],"product_tag":[],"class_list":{"0":"post-92927","1":"product","2":"type-product","3":"status-publish","4":"has-post-thumbnail","6":"product_cat-maquinas-de-contagem-de-papel","7":"pa_baujahr-452","8":"pa_hersteller-vacuumatic","9":"pa_typ-cuti-2-mit-lasersensor","11":"first","12":"instock","13":"sold-individually","14":"taxable","15":"shipping-taxable","16":"purchasable","17":"product-type-simple"},"jetpack_sharing_enabled":true,"_links":{"self":[{"href":"https:\/\/www.3p-gmbh.de\/pt-br\/wp-json\/wp\/v2\/product\/92927","targetHints":{"allow":["GET"]}}],"collection":[{"href":"https:\/\/www.3p-gmbh.de\/pt-br\/wp-json\/wp\/v2\/product"}],"about":[{"href":"https:\/\/www.3p-gmbh.de\/pt-br\/wp-json\/wp\/v2\/types\/product"}],"wp:featuredmedia":[{"embeddable":true,"href":"https:\/\/www.3p-gmbh.de\/pt-br\/wp-json\/wp\/v2\/media\/64413"}],"wp:attachment":[{"href":"https:\/\/www.3p-gmbh.de\/pt-br\/wp-json\/wp\/v2\/media?parent=92927"}],"wp:term":[{"taxonomy":"product_brand","embeddable":true,"href":"https:\/\/www.3p-gmbh.de\/pt-br\/wp-json\/wp\/v2\/product_brand?post=92927"},{"taxonomy":"product_cat","embeddable":true,"href":"https:\/\/www.3p-gmbh.de\/pt-br\/wp-json\/wp\/v2\/product_cat?post=92927"},{"taxonomy":"product_tag","embeddable":true,"href":"https:\/\/www.3p-gmbh.de\/pt-br\/wp-json\/wp\/v2\/product_tag?post=92927"}],"curies":[{"name":"wp","href":"https:\/\/api.w.org\/{rel}","templated":true}]}}