{"id":92920,"date":"2019-07-11T13:53:16","date_gmt":"2019-07-11T13:53:16","guid":{"rendered":"https:\/\/www.3p-gmbh.de\/produkt\/puncao-de-chapa-grapho-metronic-zs-1520\/"},"modified":"2019-07-11T13:53:16","modified_gmt":"2019-07-11T13:53:16","slug":"puncao-de-placa-3","status":"publish","type":"product","link":"https:\/\/www.3p-gmbh.de\/pt-br\/produkt\/puncao-de-placa-3\/","title":{"rendered":"Pun\u00e7\u00e3o de chapa Grapho metronic ZS 1520"},"content":{"rendered":"<ul>\n<li>Padr\u00e3o de perfura\u00e7\u00e3o Grapho metronic 780 mm (redondo\/retangular) para MAN Roland s\u00e9ries RVK, RZK, Roland 700, Roland 800, Roland 900 (at\u00e9 uma largura de chapa de 1520 mm)<\/li>\n<li>As placas GTO ou Edelmann Practica de 425 mm redondas\/redondas tamb\u00e9m podem ser perfuradas<\/li>\n<\/ul>\n","protected":false},"excerpt":{"rendered":"<p>Padr\u00e3o de perfura\u00e7\u00e3o Grapho metronic 780 mm (redondo\/retangular) para MAN Roland s\u00e9ries RVK, RZK, Roland 700, Roland 800, Roland 900 (at\u00e9 uma largura de chapa de 1520 mm) As placas GTO ou Edelmann Practica de 425 mm redondas\/redondas tamb\u00e9m podem ser perfuradas<\/p>\n","protected":false},"featured_media":64440,"template":"","meta":[],"product_brand":[],"product_cat":[2898],"product_tag":[],"class_list":{"0":"post-92920","1":"product","2":"type-product","3":"status-publish","4":"has-post-thumbnail","6":"product_cat-acessorios-e-pecas-sobressalentes-para-prensas","7":"pa_baujahr-501","8":"pa_hersteller-grapho-metronic-man","9":"pa_typ-zs-1520","11":"first","12":"instock","13":"sold-individually","14":"taxable","15":"shipping-taxable","16":"purchasable","17":"product-type-simple"},"jetpack_sharing_enabled":true,"_links":{"self":[{"href":"https:\/\/www.3p-gmbh.de\/pt-br\/wp-json\/wp\/v2\/product\/92920","targetHints":{"allow":["GET"]}}],"collection":[{"href":"https:\/\/www.3p-gmbh.de\/pt-br\/wp-json\/wp\/v2\/product"}],"about":[{"href":"https:\/\/www.3p-gmbh.de\/pt-br\/wp-json\/wp\/v2\/types\/product"}],"wp:featuredmedia":[{"embeddable":true,"href":"https:\/\/www.3p-gmbh.de\/pt-br\/wp-json\/wp\/v2\/media\/64440"}],"wp:attachment":[{"href":"https:\/\/www.3p-gmbh.de\/pt-br\/wp-json\/wp\/v2\/media?parent=92920"}],"wp:term":[{"taxonomy":"product_brand","embeddable":true,"href":"https:\/\/www.3p-gmbh.de\/pt-br\/wp-json\/wp\/v2\/product_brand?post=92920"},{"taxonomy":"product_cat","embeddable":true,"href":"https:\/\/www.3p-gmbh.de\/pt-br\/wp-json\/wp\/v2\/product_cat?post=92920"},{"taxonomy":"product_tag","embeddable":true,"href":"https:\/\/www.3p-gmbh.de\/pt-br\/wp-json\/wp\/v2\/product_tag?post=92920"}],"curies":[{"name":"wp","href":"https:\/\/api.w.org\/{rel}","templated":true}]}}