{"id":92909,"date":"2019-07-11T13:53:23","date_gmt":"2019-07-11T13:53:23","guid":{"rendered":"https:\/\/www.3p-gmbh.de\/produkt\/suporte-para-muda-de-toalhas-eletrico-kasper-em-tecido-nao-tecido\/"},"modified":"2019-07-11T13:53:23","modified_gmt":"2019-07-11T13:53:23","slug":"suporte-para-troca-de-toalhas-de-banho-electricas-4","status":"publish","type":"product","link":"https:\/\/www.3p-gmbh.de\/pt-br\/produkt\/suporte-para-troca-de-toalhas-de-banho-electricas-4\/","title":{"rendered":"Suporte para muda de toalhas el\u00e9trico Kasper em tecido n\u00e3o tecido"},"content":{"rendered":"<p>A unidade \u00e9 utilizada para a produ\u00e7\u00e3o independente de rolos de lavagem a partir de rolos de 500 metros (por exemplo, Dupont Sontara para Baldwin, Technotrans, m\u00e1quinas de lavar roupa Elettra). \u00c9 adequado para todos os sistemas de lavagem de blanquetas e cilindros de impress\u00e3o dos fabricantes de impressoras comuns em formato VLF (Heidelberg Speedmaster SM 52, 74 CD e XL, KBA Rapida 74, 75, 105, 130, 130a, 142, Roland 700, 800, 900, Komori, Sakurai, etc.).<\/p>\n","protected":false},"excerpt":{"rendered":"<p>A unidade \u00e9 utilizada para a produ\u00e7\u00e3o independente de rolos de lavagem a partir de rolos de 500 metros (por exemplo, Dupont Sontara para Baldwin, Technotrans, m\u00e1quinas de lavar roupa Elettra). \u00c9 adequado para todos os sistemas de lavagem de blanquetas e cilindros de impress\u00e3o dos fabricantes de impressoras comuns em formato VLF (Heidelberg Speedmaster [&hellip;]<\/p>\n","protected":false},"featured_media":64461,"template":"","meta":[],"product_brand":[],"product_cat":[2898],"product_tag":[],"class_list":{"0":"post-92909","1":"product","2":"type-product","3":"status-publish","4":"has-post-thumbnail","6":"product_cat-acessorios-e-pecas-sobressalentes-para-prensas","7":"pa_baujahr-127","8":"pa_hersteller-kba-vliesstoff-kasper","9":"pa_typ-rapida-ra-130-ra-142","11":"first","12":"instock","13":"sold-individually","14":"taxable","15":"shipping-taxable","16":"purchasable","17":"product-type-simple"},"jetpack_sharing_enabled":true,"_links":{"self":[{"href":"https:\/\/www.3p-gmbh.de\/pt-br\/wp-json\/wp\/v2\/product\/92909","targetHints":{"allow":["GET"]}}],"collection":[{"href":"https:\/\/www.3p-gmbh.de\/pt-br\/wp-json\/wp\/v2\/product"}],"about":[{"href":"https:\/\/www.3p-gmbh.de\/pt-br\/wp-json\/wp\/v2\/types\/product"}],"wp:featuredmedia":[{"embeddable":true,"href":"https:\/\/www.3p-gmbh.de\/pt-br\/wp-json\/wp\/v2\/media\/64461"}],"wp:attachment":[{"href":"https:\/\/www.3p-gmbh.de\/pt-br\/wp-json\/wp\/v2\/media?parent=92909"}],"wp:term":[{"taxonomy":"product_brand","embeddable":true,"href":"https:\/\/www.3p-gmbh.de\/pt-br\/wp-json\/wp\/v2\/product_brand?post=92909"},{"taxonomy":"product_cat","embeddable":true,"href":"https:\/\/www.3p-gmbh.de\/pt-br\/wp-json\/wp\/v2\/product_cat?post=92909"},{"taxonomy":"product_tag","embeddable":true,"href":"https:\/\/www.3p-gmbh.de\/pt-br\/wp-json\/wp\/v2\/product_tag?post=92909"}],"curies":[{"name":"wp","href":"https:\/\/api.w.org\/{rel}","templated":true}]}}