{"id":92883,"date":"2019-07-11T13:53:23","date_gmt":"2019-07-11T13:53:23","guid":{"rendered":"https:\/\/www.3p-gmbh.de\/produkt\/puncao-de-chapa-de-impressao-hatchet-man-roland-780-425\/"},"modified":"2019-07-11T13:53:23","modified_gmt":"2019-07-11T13:53:23","slug":"puncao-de-chapa-de-impressao","status":"publish","type":"product","link":"https:\/\/www.3p-gmbh.de\/pt-br\/produkt\/puncao-de-chapa-de-impressao\/","title":{"rendered":"Pun\u00e7\u00e3o de chapa de impress\u00e3o Hatchet\/MAN Roland 780-425"},"content":{"rendered":"<ul>\n<li>Pun\u00e7\u00e3o de chapa para MAN Roland 300-500-700-900 com Autoplatesystem APL e registo de pel\u00edcula Graphometronic<\/li>\n<li>adequada para chapas dos sistemas CtP, mas tamb\u00e9m para as prensas Heidelberg das s\u00e9ries 52, 74, 102 e XL e para as prensas KBA Rapida 74, 75, 105, 130<\/li>\n<\/ul>\n","protected":false},"excerpt":{"rendered":"<p>Pun\u00e7\u00e3o de chapa para MAN Roland 300-500-700-900 com Autoplatesystem APL e registo de pel\u00edcula Graphometronic adequada para chapas dos sistemas CtP, mas tamb\u00e9m para as prensas Heidelberg das s\u00e9ries 52, 74, 102 e XL e para as prensas KBA Rapida 74, 75, 105, 130<\/p>\n","protected":false},"featured_media":64509,"template":"","meta":[],"product_brand":[],"product_cat":[2898],"product_tag":[],"class_list":{"0":"post-92883","1":"product","2":"type-product","3":"status-publish","4":"has-post-thumbnail","6":"product_cat-acessorios-e-pecas-sobressalentes-para-prensas","7":"pa_baujahr-130","8":"pa_hersteller-beil-manroland","9":"pa_typ-780-425-s-h-ap2-ctp","11":"first","12":"instock","13":"sold-individually","14":"taxable","15":"shipping-taxable","16":"purchasable","17":"product-type-simple"},"jetpack_sharing_enabled":true,"_links":{"self":[{"href":"https:\/\/www.3p-gmbh.de\/pt-br\/wp-json\/wp\/v2\/product\/92883","targetHints":{"allow":["GET"]}}],"collection":[{"href":"https:\/\/www.3p-gmbh.de\/pt-br\/wp-json\/wp\/v2\/product"}],"about":[{"href":"https:\/\/www.3p-gmbh.de\/pt-br\/wp-json\/wp\/v2\/types\/product"}],"wp:featuredmedia":[{"embeddable":true,"href":"https:\/\/www.3p-gmbh.de\/pt-br\/wp-json\/wp\/v2\/media\/64509"}],"wp:attachment":[{"href":"https:\/\/www.3p-gmbh.de\/pt-br\/wp-json\/wp\/v2\/media?parent=92883"}],"wp:term":[{"taxonomy":"product_brand","embeddable":true,"href":"https:\/\/www.3p-gmbh.de\/pt-br\/wp-json\/wp\/v2\/product_brand?post=92883"},{"taxonomy":"product_cat","embeddable":true,"href":"https:\/\/www.3p-gmbh.de\/pt-br\/wp-json\/wp\/v2\/product_cat?post=92883"},{"taxonomy":"product_tag","embeddable":true,"href":"https:\/\/www.3p-gmbh.de\/pt-br\/wp-json\/wp\/v2\/product_tag?post=92883"}],"curies":[{"name":"wp","href":"https:\/\/api.w.org\/{rel}","templated":true}]}}