{"id":92879,"date":"2019-07-11T13:53:23","date_gmt":"2019-07-11T13:53:23","guid":{"rendered":"https:\/\/www.3p-gmbh.de\/produkt\/hatchet-pb-s-74-52-curvatura-da-placa-de-pressao\/"},"modified":"2019-07-11T13:53:23","modified_gmt":"2019-07-11T13:53:23","slug":"reconhecimento-da-flexao-da-placa-de-pressao","status":"publish","type":"product","link":"https:\/\/www.3p-gmbh.de\/pt-br\/produkt\/reconhecimento-da-flexao-da-placa-de-pressao\/","title":{"rendered":"Hatchet PB-S-74\/52 Curvatura da placa de press\u00e3o"},"content":{"rendered":"<ul>\n<li>Modelo de ch\u00e3o de placa autom\u00e1tica para Speedmaster 52\/74<\/li>\n<li>Largura da chapa de impress\u00e3o at\u00e9 525 \/ 745 mm<\/li>\n<li>Vers\u00e3o mesa inclinada<\/li>\n<li>Liberta\u00e7\u00e3o atrav\u00e9s da alavanca de flex\u00e3o<\/li>\n<li>Altura de trabalho ergon\u00f3mica<\/li>\n<li>Ranhura de remo\u00e7\u00e3o para placas de impress\u00e3o<\/li>\n<li>Constru\u00e7\u00e3o de qualidade robusta para maior durabilidade<\/li>\n<\/ul>\n","protected":false},"excerpt":{"rendered":"<p>Modelo de ch\u00e3o de placa autom\u00e1tica para Speedmaster 52\/74 Largura da chapa de impress\u00e3o at\u00e9 525 \/ 745 mm Vers\u00e3o mesa inclinada Liberta\u00e7\u00e3o atrav\u00e9s da alavanca de flex\u00e3o Altura de trabalho ergon\u00f3mica Ranhura de remo\u00e7\u00e3o para placas de impress\u00e3o Constru\u00e7\u00e3o de qualidade robusta para maior durabilidade<\/p>\n","protected":false},"featured_media":64518,"template":"","meta":[],"product_brand":[],"product_cat":[2898],"product_tag":[],"class_list":{"0":"post-92879","1":"product","2":"type-product","3":"status-publish","4":"has-post-thumbnail","6":"product_cat-acessorios-e-pecas-sobressalentes-para-prensas","7":"pa_baujahr-168","8":"pa_hersteller-beil","9":"pa_typ-pb-s-74-52-hb-m","11":"first","12":"instock","13":"sold-individually","14":"taxable","15":"shipping-taxable","16":"purchasable","17":"product-type-simple"},"jetpack_sharing_enabled":true,"_links":{"self":[{"href":"https:\/\/www.3p-gmbh.de\/pt-br\/wp-json\/wp\/v2\/product\/92879","targetHints":{"allow":["GET"]}}],"collection":[{"href":"https:\/\/www.3p-gmbh.de\/pt-br\/wp-json\/wp\/v2\/product"}],"about":[{"href":"https:\/\/www.3p-gmbh.de\/pt-br\/wp-json\/wp\/v2\/types\/product"}],"wp:featuredmedia":[{"embeddable":true,"href":"https:\/\/www.3p-gmbh.de\/pt-br\/wp-json\/wp\/v2\/media\/64518"}],"wp:attachment":[{"href":"https:\/\/www.3p-gmbh.de\/pt-br\/wp-json\/wp\/v2\/media?parent=92879"}],"wp:term":[{"taxonomy":"product_brand","embeddable":true,"href":"https:\/\/www.3p-gmbh.de\/pt-br\/wp-json\/wp\/v2\/product_brand?post=92879"},{"taxonomy":"product_cat","embeddable":true,"href":"https:\/\/www.3p-gmbh.de\/pt-br\/wp-json\/wp\/v2\/product_cat?post=92879"},{"taxonomy":"product_tag","embeddable":true,"href":"https:\/\/www.3p-gmbh.de\/pt-br\/wp-json\/wp\/v2\/product_tag?post=92879"}],"curies":[{"name":"wp","href":"https:\/\/api.w.org\/{rel}","templated":true}]}}