{"id":92868,"date":"2019-07-11T13:53:23","date_gmt":"2019-07-11T13:53:23","guid":{"rendered":"https:\/\/www.3p-gmbh.de\/produkt\/puncao-de-chapa-de-impressao-hatchet-1200-s-m\/"},"modified":"2019-07-11T13:53:23","modified_gmt":"2019-07-11T13:53:23","slug":"puncao-de-placa-5","status":"publish","type":"product","link":"https:\/\/www.3p-gmbh.de\/pt-br\/produkt\/puncao-de-placa-5\/","title":{"rendered":"Pun\u00e7\u00e3o de chapa de impress\u00e3o Hatchet 1200-S-M"},"content":{"rendered":"<ul>\n<li>Pun\u00e7\u00e3o de chapa com pun\u00e7\u00e3o de 780 mm, centragem central e controlo el\u00e9trico de paragem para Roland 330\/700\/800\/900 e registadores de pel\u00edcula Grapho Metronic<\/li>\n<li>para chapas produzidas em sistemas CTP, mas tamb\u00e9m para as prensas Heidelberg das s\u00e9ries 52, 74, 102, 142 e XL e para as prensas KBA Rapida 74\/105\/106\/130a\/130 e 142<\/li>\n<\/ul>\n","protected":false},"excerpt":{"rendered":"<p>Pun\u00e7\u00e3o de chapa com pun\u00e7\u00e3o de 780 mm, centragem central e controlo el\u00e9trico de paragem para Roland 330\/700\/800\/900 e registadores de pel\u00edcula Grapho Metronic para chapas produzidas em sistemas CTP, mas tamb\u00e9m para as prensas Heidelberg das s\u00e9ries 52, 74, 102, 142 e XL e para as prensas KBA Rapida 74\/105\/106\/130a\/130 e 142<\/p>\n","protected":false},"featured_media":64557,"template":"","meta":[],"product_brand":[],"product_cat":[2898],"product_tag":[],"class_list":{"0":"post-92868","1":"product","2":"type-product","3":"status-publish","4":"has-post-thumbnail","6":"product_cat-acessorios-e-pecas-sobressalentes-para-prensas","7":"pa_baujahr-123","8":"pa_hersteller-beil-grapho-metronic-man","9":"pa_typ-1200-s-m","11":"first","12":"instock","13":"sold-individually","14":"taxable","15":"shipping-taxable","16":"purchasable","17":"product-type-simple"},"jetpack_sharing_enabled":true,"_links":{"self":[{"href":"https:\/\/www.3p-gmbh.de\/pt-br\/wp-json\/wp\/v2\/product\/92868","targetHints":{"allow":["GET"]}}],"collection":[{"href":"https:\/\/www.3p-gmbh.de\/pt-br\/wp-json\/wp\/v2\/product"}],"about":[{"href":"https:\/\/www.3p-gmbh.de\/pt-br\/wp-json\/wp\/v2\/types\/product"}],"wp:featuredmedia":[{"embeddable":true,"href":"https:\/\/www.3p-gmbh.de\/pt-br\/wp-json\/wp\/v2\/media\/64557"}],"wp:attachment":[{"href":"https:\/\/www.3p-gmbh.de\/pt-br\/wp-json\/wp\/v2\/media?parent=92868"}],"wp:term":[{"taxonomy":"product_brand","embeddable":true,"href":"https:\/\/www.3p-gmbh.de\/pt-br\/wp-json\/wp\/v2\/product_brand?post=92868"},{"taxonomy":"product_cat","embeddable":true,"href":"https:\/\/www.3p-gmbh.de\/pt-br\/wp-json\/wp\/v2\/product_cat?post=92868"},{"taxonomy":"product_tag","embeddable":true,"href":"https:\/\/www.3p-gmbh.de\/pt-br\/wp-json\/wp\/v2\/product_tag?post=92868"}],"curies":[{"name":"wp","href":"https:\/\/api.w.org\/{rel}","templated":true}]}}