{"id":92862,"date":"2019-07-11T13:53:23","date_gmt":"2019-07-11T13:53:23","guid":{"rendered":"https:\/\/www.3p-gmbh.de\/produkt\/alimentador-de-envelopes-schneider-fs-80-shingled-stream\/"},"modified":"2019-07-11T13:53:23","modified_gmt":"2019-07-11T13:53:23","slug":"alimentador-de-envelopes-de-fluxo-continuo","status":"publish","type":"product","link":"https:\/\/www.3p-gmbh.de\/pt-br\/produkt\/alimentador-de-envelopes-de-fluxo-continuo\/","title":{"rendered":"Alimentador de envelopes Schneider FS-80 Shingled Stream"},"content":{"rendered":"<ul>\n<li>com entrega de galp\u00e3o regul\u00e1vel em altura (a velocidade \u00e9 regul\u00e1vel)<\/li>\n<li>Alimentador de aspira\u00e7\u00e3o ininterrupta para impressoras offset de folha solta com alimentador de uma folha ou de fluxo (GTO, Speedmaster)<\/li>\n<li>Velocidade at\u00e9 15.000 folhas\/h<\/li>\n<li>Formatos de 100 x 100 mm a 360 x 360 mm<\/li>\n<li>Grande capacidade de pr\u00e9-empilhamento de 450 mm<\/li>\n<li>tempo de prepara\u00e7\u00e3o curto<\/li>\n<li>Produ\u00e7\u00e3o muito elevada<\/li>\n<\/ul>\n","protected":false},"excerpt":{"rendered":"<p>com entrega de galp\u00e3o regul\u00e1vel em altura (a velocidade \u00e9 regul\u00e1vel) Alimentador de aspira\u00e7\u00e3o ininterrupta para impressoras offset de folha solta com alimentador de uma folha ou de fluxo (GTO, Speedmaster) Velocidade at\u00e9 15.000 folhas\/h Formatos de 100 x 100 mm a 360 x 360 mm Grande capacidade de pr\u00e9-empilhamento de 450 mm tempo de [&hellip;]<\/p>\n","protected":false},"featured_media":64554,"template":"","meta":[],"product_brand":[],"product_cat":[3019],"product_tag":[],"class_list":{"0":"post-92862","1":"product","2":"type-product","3":"status-publish","4":"has-post-thumbnail","6":"product_cat-investidores","7":"pa_baujahr-140","8":"pa_hersteller-schneider","9":"pa_typ-sf-80","11":"first","12":"instock","13":"sold-individually","14":"taxable","15":"shipping-taxable","16":"purchasable","17":"product-type-simple"},"jetpack_sharing_enabled":true,"_links":{"self":[{"href":"https:\/\/www.3p-gmbh.de\/pt-br\/wp-json\/wp\/v2\/product\/92862","targetHints":{"allow":["GET"]}}],"collection":[{"href":"https:\/\/www.3p-gmbh.de\/pt-br\/wp-json\/wp\/v2\/product"}],"about":[{"href":"https:\/\/www.3p-gmbh.de\/pt-br\/wp-json\/wp\/v2\/types\/product"}],"wp:featuredmedia":[{"embeddable":true,"href":"https:\/\/www.3p-gmbh.de\/pt-br\/wp-json\/wp\/v2\/media\/64554"}],"wp:attachment":[{"href":"https:\/\/www.3p-gmbh.de\/pt-br\/wp-json\/wp\/v2\/media?parent=92862"}],"wp:term":[{"taxonomy":"product_brand","embeddable":true,"href":"https:\/\/www.3p-gmbh.de\/pt-br\/wp-json\/wp\/v2\/product_brand?post=92862"},{"taxonomy":"product_cat","embeddable":true,"href":"https:\/\/www.3p-gmbh.de\/pt-br\/wp-json\/wp\/v2\/product_cat?post=92862"},{"taxonomy":"product_tag","embeddable":true,"href":"https:\/\/www.3p-gmbh.de\/pt-br\/wp-json\/wp\/v2\/product_tag?post=92862"}],"curies":[{"name":"wp","href":"https:\/\/api.w.org\/{rel}","templated":true}]}}