{"id":92843,"date":"2019-07-11T13:53:23","date_gmt":"2019-07-11T13:53:23","guid":{"rendered":"https:\/\/www.3p-gmbh.de\/produkt\/unidade-de-revestimento-em-linha-laco-sp-52-pm\/"},"modified":"2019-07-11T13:53:23","modified_gmt":"2019-07-11T13:53:23","slug":"oficina-de-pintura-em-linha","status":"publish","type":"product","link":"https:\/\/www.3p-gmbh.de\/pt-br\/produkt\/oficina-de-pintura-em-linha\/","title":{"rendered":"Unidade de revestimento em linha LACO SP 52 PM"},"content":{"rendered":"<ul>\n<li>Kit de reequipamento para unidade de revestimento em linha para revestimento por dispers\u00e3o incl. Secador, etc.<\/li>\n<li>Adequado para as prensas Printmaster PM Plus<\/li>\n<li>\u00e1rea m\u00e1xima de pintura 490 x 340 mm<\/li>\n<li>Aresta da pin\u00e7a aprox. 12 mm<\/li>\n<li>Velocidade de pintura 8.000 b\/h<\/li>\n<li>para vernizes de dispers\u00e3o e blister<\/li>\n<li>Viscosidades das lacas 30-40 s DIN 4<\/li>\n<\/ul>\n","protected":false},"excerpt":{"rendered":"<p>Kit de reequipamento para unidade de revestimento em linha para revestimento por dispers\u00e3o incl. Secador, etc. Adequado para as prensas Printmaster PM Plus \u00e1rea m\u00e1xima de pintura 490 x 340 mm Aresta da pin\u00e7a aprox. 12 mm Velocidade de pintura 8.000 b\/h para vernizes de dispers\u00e3o e blister Viscosidades das lacas 30-40 s DIN 4<\/p>\n","protected":false},"featured_media":64581,"template":"","meta":[],"product_brand":[],"product_cat":[2898],"product_tag":[],"class_list":{"0":"post-92843","1":"product","2":"type-product","3":"status-publish","4":"has-post-thumbnail","6":"product_cat-acessorios-e-pecas-sobressalentes-para-prensas","7":"pa_baujahr-198","8":"pa_hersteller-laco","9":"pa_typ-sp-52-pm","11":"first","12":"instock","13":"sold-individually","14":"taxable","15":"shipping-taxable","16":"purchasable","17":"product-type-simple"},"jetpack_sharing_enabled":true,"_links":{"self":[{"href":"https:\/\/www.3p-gmbh.de\/pt-br\/wp-json\/wp\/v2\/product\/92843","targetHints":{"allow":["GET"]}}],"collection":[{"href":"https:\/\/www.3p-gmbh.de\/pt-br\/wp-json\/wp\/v2\/product"}],"about":[{"href":"https:\/\/www.3p-gmbh.de\/pt-br\/wp-json\/wp\/v2\/types\/product"}],"wp:featuredmedia":[{"embeddable":true,"href":"https:\/\/www.3p-gmbh.de\/pt-br\/wp-json\/wp\/v2\/media\/64581"}],"wp:attachment":[{"href":"https:\/\/www.3p-gmbh.de\/pt-br\/wp-json\/wp\/v2\/media?parent=92843"}],"wp:term":[{"taxonomy":"product_brand","embeddable":true,"href":"https:\/\/www.3p-gmbh.de\/pt-br\/wp-json\/wp\/v2\/product_brand?post=92843"},{"taxonomy":"product_cat","embeddable":true,"href":"https:\/\/www.3p-gmbh.de\/pt-br\/wp-json\/wp\/v2\/product_cat?post=92843"},{"taxonomy":"product_tag","embeddable":true,"href":"https:\/\/www.3p-gmbh.de\/pt-br\/wp-json\/wp\/v2\/product_tag?post=92843"}],"curies":[{"name":"wp","href":"https:\/\/api.w.org\/{rel}","templated":true}]}}