{"id":92840,"date":"2019-07-11T13:53:00","date_gmt":"2019-07-11T13:53:00","guid":{"rendered":"https:\/\/www.3p-gmbh.de\/produkt\/sistema-de-orientacao-em-rede-elguider\/"},"modified":"2019-07-11T13:53:00","modified_gmt":"2019-07-11T13:53:00","slug":"sistema-de-orientacao-da-banda","status":"publish","type":"product","link":"https:\/\/www.3p-gmbh.de\/pt-br\/produkt\/sistema-de-orientacao-da-banda\/","title":{"rendered":"Sistema de orienta\u00e7\u00e3o em rede Elguider"},"content":{"rendered":"<p>O sistema de guiamento da banda ELGUIDER com controlo DCS tem uma largura de trabalho de 800 mm. A elimina\u00e7\u00e3o das vari\u00e1veis que influenciam os erros, o alinhamento permanente e exato da banda, bem como a garantia de uma forma\u00e7\u00e3o precisa do enrolamento s\u00e3o a tarefa deste sistema.<\/p>\n","protected":false},"excerpt":{"rendered":"<p>O sistema de guiamento da banda ELGUIDER com controlo DCS tem uma largura de trabalho de 800 mm. A elimina\u00e7\u00e3o das vari\u00e1veis que influenciam os erros, o alinhamento permanente e exato da banda, bem como a garantia de uma forma\u00e7\u00e3o precisa do enrolamento s\u00e3o a tarefa deste sistema.<\/p>\n","protected":false},"featured_media":64110,"template":"","meta":[],"product_brand":[],"product_cat":[2898],"product_tag":[],"class_list":{"0":"post-92840","1":"product","2":"type-product","3":"status-publish","4":"has-post-thumbnail","6":"product_cat-acessorios-e-pecas-sobressalentes-para-prensas","7":"pa_baujahr-198","8":"pa_hersteller-erhardtleimer-gmbh","9":"pa_typ-elguider","11":"first","12":"instock","13":"sold-individually","14":"taxable","15":"shipping-taxable","16":"purchasable","17":"product-type-simple"},"jetpack_sharing_enabled":true,"_links":{"self":[{"href":"https:\/\/www.3p-gmbh.de\/pt-br\/wp-json\/wp\/v2\/product\/92840","targetHints":{"allow":["GET"]}}],"collection":[{"href":"https:\/\/www.3p-gmbh.de\/pt-br\/wp-json\/wp\/v2\/product"}],"about":[{"href":"https:\/\/www.3p-gmbh.de\/pt-br\/wp-json\/wp\/v2\/types\/product"}],"wp:featuredmedia":[{"embeddable":true,"href":"https:\/\/www.3p-gmbh.de\/pt-br\/wp-json\/wp\/v2\/media\/64110"}],"wp:attachment":[{"href":"https:\/\/www.3p-gmbh.de\/pt-br\/wp-json\/wp\/v2\/media?parent=92840"}],"wp:term":[{"taxonomy":"product_brand","embeddable":true,"href":"https:\/\/www.3p-gmbh.de\/pt-br\/wp-json\/wp\/v2\/product_brand?post=92840"},{"taxonomy":"product_cat","embeddable":true,"href":"https:\/\/www.3p-gmbh.de\/pt-br\/wp-json\/wp\/v2\/product_cat?post=92840"},{"taxonomy":"product_tag","embeddable":true,"href":"https:\/\/www.3p-gmbh.de\/pt-br\/wp-json\/wp\/v2\/product_tag?post=92840"}],"curies":[{"name":"wp","href":"https:\/\/api.w.org\/{rel}","templated":true}]}}