{"id":92829,"date":"2019-07-11T13:53:00","date_gmt":"2019-07-11T13:53:00","guid":{"rendered":"https:\/\/www.3p-gmbh.de\/produkt\/puncao-de-chapa-para-impressao-de-grande-formato-hatchet-1200-780\/"},"modified":"2019-07-11T13:53:00","modified_gmt":"2019-07-11T13:53:00","slug":"puncao-de-placa-de-grande-formato","status":"publish","type":"product","link":"https:\/\/www.3p-gmbh.de\/pt-br\/produkt\/puncao-de-placa-de-grande-formato\/","title":{"rendered":"Pun\u00e7\u00e3o de chapa para impress\u00e3o de grande formato Hatchet 1200-780"},"content":{"rendered":"<ul>\n<li>Pun\u00e7\u00e3o pneum\u00e1tico de chapa com pun\u00e7\u00e3o autom\u00e1tico de chapa 1200 e 780 mm<\/li>\n<li>com centragem central e comando el\u00e9trico de paragem<\/li>\n<li>para Heidelberg XL 145, XL 165<\/li>\n<li>para pain\u00e9is produzidos com o sistema CtP at\u00e9 173 cm de largura<\/li>\n<\/ul>\n","protected":false},"excerpt":{"rendered":"<p>Pun\u00e7\u00e3o pneum\u00e1tico de chapa com pun\u00e7\u00e3o autom\u00e1tico de chapa 1200 e 780 mm com centragem central e comando el\u00e9trico de paragem para Heidelberg XL 145, XL 165 para pain\u00e9is produzidos com o sistema CtP at\u00e9 173 cm de largura<\/p>\n","protected":false},"featured_media":64164,"template":"","meta":[],"product_brand":[],"product_cat":[2898],"product_tag":[],"class_list":{"0":"post-92829","1":"product","2":"type-product","3":"status-publish","4":"has-post-thumbnail","6":"product_cat-acessorios-e-pecas-sobressalentes-para-prensas","7":"pa_baujahr-326","8":"pa_hersteller-beil","9":"pa_typ-1200-780-748-s-apl2-p","11":"first","12":"instock","13":"sold-individually","14":"taxable","15":"shipping-taxable","16":"purchasable","17":"product-type-simple"},"jetpack_sharing_enabled":true,"_links":{"self":[{"href":"https:\/\/www.3p-gmbh.de\/pt-br\/wp-json\/wp\/v2\/product\/92829","targetHints":{"allow":["GET"]}}],"collection":[{"href":"https:\/\/www.3p-gmbh.de\/pt-br\/wp-json\/wp\/v2\/product"}],"about":[{"href":"https:\/\/www.3p-gmbh.de\/pt-br\/wp-json\/wp\/v2\/types\/product"}],"wp:featuredmedia":[{"embeddable":true,"href":"https:\/\/www.3p-gmbh.de\/pt-br\/wp-json\/wp\/v2\/media\/64164"}],"wp:attachment":[{"href":"https:\/\/www.3p-gmbh.de\/pt-br\/wp-json\/wp\/v2\/media?parent=92829"}],"wp:term":[{"taxonomy":"product_brand","embeddable":true,"href":"https:\/\/www.3p-gmbh.de\/pt-br\/wp-json\/wp\/v2\/product_brand?post=92829"},{"taxonomy":"product_cat","embeddable":true,"href":"https:\/\/www.3p-gmbh.de\/pt-br\/wp-json\/wp\/v2\/product_cat?post=92829"},{"taxonomy":"product_tag","embeddable":true,"href":"https:\/\/www.3p-gmbh.de\/pt-br\/wp-json\/wp\/v2\/product_tag?post=92829"}],"curies":[{"name":"wp","href":"https:\/\/api.w.org\/{rel}","templated":true}]}}