{"id":92808,"date":"2019-07-11T13:53:09","date_gmt":"2019-07-11T13:53:09","guid":{"rendered":"https:\/\/www.3p-gmbh.de\/produkt\/medidor-de-pressao-de-rolos-diginip\/"},"modified":"2019-07-11T13:53:09","modified_gmt":"2019-07-11T13:53:09","slug":"manometro-de-rolos","status":"publish","type":"product","link":"https:\/\/www.3p-gmbh.de\/pt-br\/produkt\/manometro-de-rolos\/","title":{"rendered":"Medidor de press\u00e3o de rolos Diginip"},"content":{"rendered":"<p>Controlo preciso, simples e reprodut\u00edvel da regula\u00e7\u00e3o dos rolos de tinta e de amortecimento nas prensas de impress\u00e3o &#8211; com valor de medi\u00e7\u00e3o digital, adaptado \u00e0 tecnologia de impress\u00e3o moderna &#8211; para uma melhor qualidade de impress\u00e3o com um amortecimento \u00f3timo. Rolos bem ajustados s\u00e3o a base para uma qualidade de impress\u00e3o boa e consistente e ajudam a evitar dificuldades de impress\u00e3o. Mesmo as prensas de impress\u00e3o mais modernas requerem rolos ajustados com precis\u00e3o. O controlo inc\u00f3modo com as tiras de papel nos rolos de tinta n\u00e3o se enquadra na tecnologia de impress\u00e3o moderna e \u00e9 subjetivo. Um valor digital medido com um desvio m\u00ednimo permite uma regula\u00e7\u00e3o segura e reproduz\u00edvel dos rolos para a necess\u00e1ria fiabilidade operacional, para uma qualidade de impress\u00e3o \u00f3ptima e uma utiliza\u00e7\u00e3o suave dos rolos. Os rolos bem ajustados vivem mais tempo. A impress\u00e3o com redu\u00e7\u00e3o de \u00e1lcool s\u00f3 \u00e9 poss\u00edvel com rolos de boa qualidade e com um ajuste correto dos rolos de amortecimento. Os rolos de amortecimento que alteram a sua circunfer\u00eancia devido \u00e0 influ\u00eancia do aditivo da solu\u00e7\u00e3o de amortecimento e do \u00e1lcool s\u00e3o uma raz\u00e3o comum pela qual os formul\u00e1rios de impress\u00e3o dif\u00edceis n\u00e3o podem ser impressos com uma utiliza\u00e7\u00e3o m\u00ednima ou sem \u00e1lcool. O ajuste dos rolos de amortecimento \u00e9, portanto, de import\u00e2ncia decisiva para a possibilidade de reduzir ou substituir completamente o \u00e1lcool e, portanto, os COVs.<\/p>\n<p>\u00c2mbito de fornecimento:<\/p>\n<ul>\n<li>Aparelho de medi\u00e7\u00e3o DigiNip<\/li>\n<li>2 cabos em espiral de 1,5 m<\/li>\n<li>2 l\u00ednguas de medi\u00e7\u00e3o de sensores<\/li>\n<li>1 Mala de transporte<\/li>\n<\/ul>\n","protected":false},"excerpt":{"rendered":"<p>Controlo preciso, simples e reprodut\u00edvel da regula\u00e7\u00e3o dos rolos de tinta e de amortecimento nas prensas de impress\u00e3o &#8211; com valor de medi\u00e7\u00e3o digital, adaptado \u00e0 tecnologia de impress\u00e3o moderna &#8211; para uma melhor qualidade de impress\u00e3o com um amortecimento \u00f3timo. Rolos bem ajustados s\u00e3o a base para uma qualidade de impress\u00e3o boa e consistente [&hellip;]<\/p>\n","protected":false},"featured_media":64269,"template":"","meta":[],"product_brand":[],"product_cat":[2931],"product_tag":[],"class_list":{"0":"post-92808","1":"product","2":"type-product","3":"status-publish","4":"has-post-thumbnail","6":"product_cat-instrumentos-de-medicao-e-garantia-de-qualidade","7":"pa_baujahr-452","8":"pa_hersteller-quick-check","9":"pa_typ-diginip","11":"first","12":"instock","13":"sold-individually","14":"taxable","15":"shipping-taxable","16":"purchasable","17":"product-type-simple"},"jetpack_sharing_enabled":true,"_links":{"self":[{"href":"https:\/\/www.3p-gmbh.de\/pt-br\/wp-json\/wp\/v2\/product\/92808","targetHints":{"allow":["GET"]}}],"collection":[{"href":"https:\/\/www.3p-gmbh.de\/pt-br\/wp-json\/wp\/v2\/product"}],"about":[{"href":"https:\/\/www.3p-gmbh.de\/pt-br\/wp-json\/wp\/v2\/types\/product"}],"wp:featuredmedia":[{"embeddable":true,"href":"https:\/\/www.3p-gmbh.de\/pt-br\/wp-json\/wp\/v2\/media\/64269"}],"wp:attachment":[{"href":"https:\/\/www.3p-gmbh.de\/pt-br\/wp-json\/wp\/v2\/media?parent=92808"}],"wp:term":[{"taxonomy":"product_brand","embeddable":true,"href":"https:\/\/www.3p-gmbh.de\/pt-br\/wp-json\/wp\/v2\/product_brand?post=92808"},{"taxonomy":"product_cat","embeddable":true,"href":"https:\/\/www.3p-gmbh.de\/pt-br\/wp-json\/wp\/v2\/product_cat?post=92808"},{"taxonomy":"product_tag","embeddable":true,"href":"https:\/\/www.3p-gmbh.de\/pt-br\/wp-json\/wp\/v2\/product_tag?post=92808"}],"curies":[{"name":"wp","href":"https:\/\/api.w.org\/{rel}","templated":true}]}}