{"id":92807,"date":"2019-07-11T13:53:09","date_gmt":"2019-07-11T13:53:09","guid":{"rendered":"https:\/\/www.3p-gmbh.de\/produkt\/bombas-de-pintura-pneumaticas-betz-p-100-f\/"},"modified":"2019-07-11T13:53:09","modified_gmt":"2019-07-11T13:53:09","slug":"bombas-pneumaticas-de-tinta","status":"publish","type":"product","link":"https:\/\/www.3p-gmbh.de\/pt-br\/produkt\/bombas-pneumaticas-de-tinta\/","title":{"rendered":"Bombas de pintura pneum\u00e1ticas Betz P 100-F"},"content":{"rendered":"<ul>\n<li>4 bombas pneum\u00e1ticas de tinta para esvaziar recipientes permut\u00e1veis de 300 kg<\/li>\n<li>com terminal de controlo<\/li>\n<li>Com a produ\u00e7\u00e3o de um tubo de tinta, \u00e9 poss\u00edvel o fornecimento direto de tintas de impress\u00e3o de m\u00e9dia e alta viscosidade a prensas rotativas alimentadas por folha<\/li>\n<li>Rela\u00e7\u00e3o de transmiss\u00e3o 16:1<\/li>\n<li>Necessidade de ar comprimido 8 bar<\/li>\n<\/ul>\n","protected":false},"excerpt":{"rendered":"<p>4 bombas pneum\u00e1ticas de tinta para esvaziar recipientes permut\u00e1veis de 300 kg com terminal de controlo Com a produ\u00e7\u00e3o de um tubo de tinta, \u00e9 poss\u00edvel o fornecimento direto de tintas de impress\u00e3o de m\u00e9dia e alta viscosidade a prensas rotativas alimentadas por folha Rela\u00e7\u00e3o de transmiss\u00e3o 16:1 Necessidade de ar comprimido 8 bar<\/p>\n","protected":false},"featured_media":64251,"template":"","meta":[],"product_brand":[],"product_cat":[2898],"product_tag":[],"class_list":{"0":"post-92807","1":"product","2":"type-product","3":"status-publish","4":"has-post-thumbnail","6":"product_cat-acessorios-e-pecas-sobressalentes-para-prensas","7":"pa_baujahr-194","8":"pa_hersteller-betz","9":"pa_typ-p-100-f","11":"first","12":"instock","13":"sold-individually","14":"taxable","15":"shipping-taxable","16":"purchasable","17":"product-type-simple"},"jetpack_sharing_enabled":true,"_links":{"self":[{"href":"https:\/\/www.3p-gmbh.de\/pt-br\/wp-json\/wp\/v2\/product\/92807","targetHints":{"allow":["GET"]}}],"collection":[{"href":"https:\/\/www.3p-gmbh.de\/pt-br\/wp-json\/wp\/v2\/product"}],"about":[{"href":"https:\/\/www.3p-gmbh.de\/pt-br\/wp-json\/wp\/v2\/types\/product"}],"wp:featuredmedia":[{"embeddable":true,"href":"https:\/\/www.3p-gmbh.de\/pt-br\/wp-json\/wp\/v2\/media\/64251"}],"wp:attachment":[{"href":"https:\/\/www.3p-gmbh.de\/pt-br\/wp-json\/wp\/v2\/media?parent=92807"}],"wp:term":[{"taxonomy":"product_brand","embeddable":true,"href":"https:\/\/www.3p-gmbh.de\/pt-br\/wp-json\/wp\/v2\/product_brand?post=92807"},{"taxonomy":"product_cat","embeddable":true,"href":"https:\/\/www.3p-gmbh.de\/pt-br\/wp-json\/wp\/v2\/product_cat?post=92807"},{"taxonomy":"product_tag","embeddable":true,"href":"https:\/\/www.3p-gmbh.de\/pt-br\/wp-json\/wp\/v2\/product_tag?post=92807"}],"curies":[{"name":"wp","href":"https:\/\/api.w.org\/{rel}","templated":true}]}}