{"id":92803,"date":"2019-07-11T13:53:09","date_gmt":"2019-07-11T13:53:09","guid":{"rendered":"https:\/\/www.3p-gmbh.de\/produkt\/virador-de-estacas-rachner-pt-1000-pars\/"},"modified":"2019-07-11T13:53:09","modified_gmt":"2019-07-11T13:53:09","slug":"empilhador-4","status":"publish","type":"product","link":"https:\/\/www.3p-gmbh.de\/pt-br\/produkt\/empilhador-4\/","title":{"rendered":"Virador de estacas Rachner PT 1000 PA+RS"},"content":{"rendered":"<ul>\n<li>Plataforma 900 x 1300 mm<\/li>\n<li>m\u00e1ximo. Abertura 1340 mm<\/li>\n<li>com ventila\u00e7\u00e3o com ventilador de frequ\u00eancia controlada<\/li>\n<li>com dispositivo vibrat\u00f3rio com r\u00e9gua de alinhamento<\/li>\n<\/ul>\n","protected":false},"excerpt":{"rendered":"<p>Plataforma 900 x 1300 mm m\u00e1ximo. Abertura 1340 mm com ventila\u00e7\u00e3o com ventilador de frequ\u00eancia controlada com dispositivo vibrat\u00f3rio com r\u00e9gua de alinhamento<\/p>\n","protected":false},"featured_media":64272,"template":"","meta":[],"product_brand":[],"product_cat":[2897],"product_tag":[],"class_list":{"0":"post-92803","1":"product","2":"type-product","3":"status-publish","4":"has-post-thumbnail","6":"product_cat-virador-de-estacas","7":"pa_baujahr-140","8":"pa_hersteller-manfred-rachner","9":"pa_typ-pt-1000-pars","11":"first","12":"instock","13":"sold-individually","14":"taxable","15":"shipping-taxable","16":"purchasable","17":"product-type-simple"},"jetpack_sharing_enabled":true,"_links":{"self":[{"href":"https:\/\/www.3p-gmbh.de\/pt-br\/wp-json\/wp\/v2\/product\/92803","targetHints":{"allow":["GET"]}}],"collection":[{"href":"https:\/\/www.3p-gmbh.de\/pt-br\/wp-json\/wp\/v2\/product"}],"about":[{"href":"https:\/\/www.3p-gmbh.de\/pt-br\/wp-json\/wp\/v2\/types\/product"}],"wp:featuredmedia":[{"embeddable":true,"href":"https:\/\/www.3p-gmbh.de\/pt-br\/wp-json\/wp\/v2\/media\/64272"}],"wp:attachment":[{"href":"https:\/\/www.3p-gmbh.de\/pt-br\/wp-json\/wp\/v2\/media?parent=92803"}],"wp:term":[{"taxonomy":"product_brand","embeddable":true,"href":"https:\/\/www.3p-gmbh.de\/pt-br\/wp-json\/wp\/v2\/product_brand?post=92803"},{"taxonomy":"product_cat","embeddable":true,"href":"https:\/\/www.3p-gmbh.de\/pt-br\/wp-json\/wp\/v2\/product_cat?post=92803"},{"taxonomy":"product_tag","embeddable":true,"href":"https:\/\/www.3p-gmbh.de\/pt-br\/wp-json\/wp\/v2\/product_tag?post=92803"}],"curies":[{"name":"wp","href":"https:\/\/api.w.org\/{rel}","templated":true}]}}