{"id":92783,"date":"2019-07-11T13:53:09","date_gmt":"2019-07-11T13:53:09","guid":{"rendered":"https:\/\/www.3p-gmbh.de\/produkt\/duplicador-foellmer-ok-90-com-insersor-de-tiras-suptramat\/"},"modified":"2019-07-11T13:53:09","modified_gmt":"2019-07-11T13:53:09","slug":"dispositivo-de-imposicao-de-faixas","status":"publish","type":"product","link":"https:\/\/www.3p-gmbh.de\/pt-br\/produkt\/dispositivo-de-imposicao-de-faixas\/","title":{"rendered":"Duplicador Foellmer OK 90 com insersor de tiras Suptramat"},"content":{"rendered":"<p><strong>Duplicador Foellmer OK 90 com insersor de tiras Suptramat<\/strong><br \/>\n<strong>a partir de 2006<br \/>\n<\/strong><br \/>\nTransmiss\u00e3o de impulsos atrav\u00e9s do micro-interrutor do contador da m\u00e1quina<br \/>\nSequ\u00eancia temporal: 0,9 seg. para tiras de 100 mm de comprimento<br \/>\nComprimento da tira: 100 mm<br \/>\nComprimento da conduta: 200 mm medidos a partir do bordo da unidade (outros comprimentos poss\u00edveis a pedido)<br \/>\nTempo de reten\u00e7\u00e3o da tira: Infinitamente ajust\u00e1vel de 0 &#8211; 30 seg.<br \/>\nEspa\u00e7o necess\u00e1rio: 500 x 500 mm,<br \/>\nPeso da unidade m\u00f3vel: 35 kg<br \/>\nLiga\u00e7\u00e3o: 230 V, 50\/60 Hz<\/p>\n","protected":false},"excerpt":{"rendered":"<p>Duplicador Foellmer OK 90 com insersor de tiras Suptramat a partir de 2006 Transmiss\u00e3o de impulsos atrav\u00e9s do micro-interrutor do contador da m\u00e1quina Sequ\u00eancia temporal: 0,9 seg. para tiras de 100 mm de comprimento Comprimento da tira: 100 mm Comprimento da conduta: 200 mm medidos a partir do bordo da unidade (outros comprimentos poss\u00edveis a [&hellip;]<\/p>\n","protected":false},"featured_media":80714,"template":"","meta":[],"product_brand":[],"product_cat":[3001],"product_tag":[],"class_list":{"0":"post-92783","1":"product","2":"type-product","3":"status-publish","4":"has-post-thumbnail","6":"product_cat-maquinas-de-contagem-de-papel","7":"pa_baujahr-127","8":"pa_hersteller-foellmer","9":"pa_typ-ok-90","11":"first","12":"instock","13":"sold-individually","14":"taxable","15":"shipping-taxable","16":"purchasable","17":"product-type-simple"},"jetpack_sharing_enabled":true,"_links":{"self":[{"href":"https:\/\/www.3p-gmbh.de\/pt-br\/wp-json\/wp\/v2\/product\/92783","targetHints":{"allow":["GET"]}}],"collection":[{"href":"https:\/\/www.3p-gmbh.de\/pt-br\/wp-json\/wp\/v2\/product"}],"about":[{"href":"https:\/\/www.3p-gmbh.de\/pt-br\/wp-json\/wp\/v2\/types\/product"}],"wp:featuredmedia":[{"embeddable":true,"href":"https:\/\/www.3p-gmbh.de\/pt-br\/wp-json\/wp\/v2\/media\/80714"}],"wp:attachment":[{"href":"https:\/\/www.3p-gmbh.de\/pt-br\/wp-json\/wp\/v2\/media?parent=92783"}],"wp:term":[{"taxonomy":"product_brand","embeddable":true,"href":"https:\/\/www.3p-gmbh.de\/pt-br\/wp-json\/wp\/v2\/product_brand?post=92783"},{"taxonomy":"product_cat","embeddable":true,"href":"https:\/\/www.3p-gmbh.de\/pt-br\/wp-json\/wp\/v2\/product_cat?post=92783"},{"taxonomy":"product_tag","embeddable":true,"href":"https:\/\/www.3p-gmbh.de\/pt-br\/wp-json\/wp\/v2\/product_tag?post=92783"}],"curies":[{"name":"wp","href":"https:\/\/api.w.org\/{rel}","templated":true}]}}