{"id":92769,"date":"2019-07-11T13:52:33","date_gmt":"2019-07-11T13:52:33","guid":{"rendered":"https:\/\/www.3p-gmbh.de\/produkt\/combinacao-de-unidades-basf-flint-cw-50-x-70-nyloprint\/"},"modified":"2019-07-11T13:52:33","modified_gmt":"2019-07-11T13:52:33","slug":"nyloprint-uv-setter","status":"publish","type":"product","link":"https:\/\/www.3p-gmbh.de\/pt-br\/produkt\/nyloprint-uv-setter\/","title":{"rendered":"Combina\u00e7\u00e3o de unidades BASF \/ Flint CW 50 x 70 Nyloprint"},"content":{"rendered":"<ul>\n<li>com anilha plana CW 50-70 cm<\/li>\n<li>com regula\u00e7\u00e3o da temperatura da \u00e1gua de 20 a 40\u00b0 C<\/li>\n<li>anilha de ossifica\u00e7\u00e3o com placa magn\u00e9tica para clich\u00e9s com suporte de a\u00e7o<\/li>\n<li>Sistema de fluxo de \u00e1gua<\/li>\n<li>Ajuste autom\u00e1tico da press\u00e3o da escova para qualquer espessura de material<\/li>\n<\/ul>\n","protected":false},"excerpt":{"rendered":"<p>com anilha plana CW 50-70 cm com regula\u00e7\u00e3o da temperatura da \u00e1gua de 20 a 40\u00b0 C anilha de ossifica\u00e7\u00e3o com placa magn\u00e9tica para clich\u00e9s com suporte de a\u00e7o Sistema de fluxo de \u00e1gua Ajuste autom\u00e1tico da press\u00e3o da escova para qualquer espessura de material<\/p>\n","protected":false},"featured_media":71451,"template":"","meta":[],"product_brand":[],"product_cat":[3085],"product_tag":[],"class_list":{"0":"post-92769","1":"product","2":"type-product","3":"status-publish","4":"has-post-thumbnail","6":"product_cat-serigrafia-flexografia-e-rotogravura","7":"pa_baujahr-127","8":"pa_hersteller-flint-group-basf","9":"pa_typ-cw-50x70","11":"first","12":"instock","13":"sold-individually","14":"taxable","15":"shipping-taxable","16":"purchasable","17":"product-type-simple"},"jetpack_sharing_enabled":true,"_links":{"self":[{"href":"https:\/\/www.3p-gmbh.de\/pt-br\/wp-json\/wp\/v2\/product\/92769","targetHints":{"allow":["GET"]}}],"collection":[{"href":"https:\/\/www.3p-gmbh.de\/pt-br\/wp-json\/wp\/v2\/product"}],"about":[{"href":"https:\/\/www.3p-gmbh.de\/pt-br\/wp-json\/wp\/v2\/types\/product"}],"wp:featuredmedia":[{"embeddable":true,"href":"https:\/\/www.3p-gmbh.de\/pt-br\/wp-json\/wp\/v2\/media\/71451"}],"wp:attachment":[{"href":"https:\/\/www.3p-gmbh.de\/pt-br\/wp-json\/wp\/v2\/media?parent=92769"}],"wp:term":[{"taxonomy":"product_brand","embeddable":true,"href":"https:\/\/www.3p-gmbh.de\/pt-br\/wp-json\/wp\/v2\/product_brand?post=92769"},{"taxonomy":"product_cat","embeddable":true,"href":"https:\/\/www.3p-gmbh.de\/pt-br\/wp-json\/wp\/v2\/product_cat?post=92769"},{"taxonomy":"product_tag","embeddable":true,"href":"https:\/\/www.3p-gmbh.de\/pt-br\/wp-json\/wp\/v2\/product_tag?post=92769"}],"curies":[{"name":"wp","href":"https:\/\/api.w.org\/{rel}","templated":true}]}}