{"id":92761,"date":"2019-07-11T13:53:09","date_gmt":"2019-07-11T13:53:09","guid":{"rendered":"https:\/\/www.3p-gmbh.de\/produkt\/unidade-de-numeracao-heidelberg-para-gto-52\/"},"modified":"2019-07-11T13:53:09","modified_gmt":"2019-07-11T13:53:09","slug":"imprimir-para-numero-para-gto-52","status":"publish","type":"product","link":"https:\/\/www.3p-gmbh.de\/pt-br\/produkt\/imprimir-para-numero-para-gto-52\/","title":{"rendered":"Unidade de numera\u00e7\u00e3o Heidelberg para GTO 52"},"content":{"rendered":"<ul>\n<li>Unidade de impress\u00e3o de n\u00fameros para a vers\u00e3o Heidelberg GTO-52 Plus<\/li>\n<li>Conduta de tinta com chaves de tinta<\/li>\n<li>Eixo numerador com dois an\u00e9is de assento e 2 curvas de comuta\u00e7\u00e3o<\/li>\n<li>2 totalizadores (7 d\u00edgitos)<\/li>\n<li>1 Portador de clich\u00e9s<\/li>\n<\/ul>\n","protected":false},"excerpt":{"rendered":"<p>Unidade de impress\u00e3o de n\u00fameros para a vers\u00e3o Heidelberg GTO-52 Plus Conduta de tinta com chaves de tinta Eixo numerador com dois an\u00e9is de assento e 2 curvas de comuta\u00e7\u00e3o 2 totalizadores (7 d\u00edgitos) 1 Portador de clich\u00e9s<\/p>\n","protected":false},"featured_media":64314,"template":"","meta":[],"product_brand":[],"product_cat":[2898],"product_tag":[],"class_list":{"0":"post-92761","1":"product","2":"type-product","3":"status-publish","4":"has-post-thumbnail","6":"product_cat-acessorios-e-pecas-sobressalentes-para-prensas","7":"pa_hersteller-heidelberg","9":"first","10":"instock","11":"sold-individually","12":"taxable","13":"shipping-taxable","14":"purchasable","15":"product-type-simple"},"jetpack_sharing_enabled":true,"_links":{"self":[{"href":"https:\/\/www.3p-gmbh.de\/pt-br\/wp-json\/wp\/v2\/product\/92761","targetHints":{"allow":["GET"]}}],"collection":[{"href":"https:\/\/www.3p-gmbh.de\/pt-br\/wp-json\/wp\/v2\/product"}],"about":[{"href":"https:\/\/www.3p-gmbh.de\/pt-br\/wp-json\/wp\/v2\/types\/product"}],"wp:featuredmedia":[{"embeddable":true,"href":"https:\/\/www.3p-gmbh.de\/pt-br\/wp-json\/wp\/v2\/media\/64314"}],"wp:attachment":[{"href":"https:\/\/www.3p-gmbh.de\/pt-br\/wp-json\/wp\/v2\/media?parent=92761"}],"wp:term":[{"taxonomy":"product_brand","embeddable":true,"href":"https:\/\/www.3p-gmbh.de\/pt-br\/wp-json\/wp\/v2\/product_brand?post=92761"},{"taxonomy":"product_cat","embeddable":true,"href":"https:\/\/www.3p-gmbh.de\/pt-br\/wp-json\/wp\/v2\/product_cat?post=92761"},{"taxonomy":"product_tag","embeddable":true,"href":"https:\/\/www.3p-gmbh.de\/pt-br\/wp-json\/wp\/v2\/product_tag?post=92761"}],"curies":[{"name":"wp","href":"https:\/\/api.w.org\/{rel}","templated":true}]}}