{"id":92753,"date":"2019-07-11T13:52:33","date_gmt":"2019-07-11T13:52:33","guid":{"rendered":"https:\/\/www.3p-gmbh.de\/produkt\/basf-cw-22-30-unidade-combinada-flint-cliche\/"},"modified":"2019-07-11T13:52:33","modified_gmt":"2019-07-11T13:52:33","slug":"conjunto-combinado-de-cliches","status":"publish","type":"product","link":"https:\/\/www.3p-gmbh.de\/pt-br\/produkt\/conjunto-combinado-de-cliches\/","title":{"rendered":"BASF CW 22-30 \/ Unidade combinada Flint clich\u00e9"},"content":{"rendered":"<p>Linha completa para a produ\u00e7\u00e3o de formas de nyloprinting lav\u00e1veis com \u00e1gua (BASF\/Flint) at\u00e9 um formato de 22 x 30 cm, composta por:<\/p>\n<ul>\n<li>Imagesetter com 6 l\u00e2mpadas UV e placa de v\u00e1cuo com placa de membrana<\/li>\n<li>Arruela plana com controlo da temperatura da \u00e1gua de 20 a 40\u00b0 C<\/li>\n<li>porta-clich\u00e9s magn\u00e9tico ossificante 24 x 35 cm, sistema de fluxo, regula\u00e7\u00e3o autom\u00e1tica da press\u00e3o da escova para qualquer espessura de material.<\/li>\n<li>Secador de ar quente<\/li>\n<\/ul>\n","protected":false},"excerpt":{"rendered":"<p>Linha completa para a produ\u00e7\u00e3o de formas de nyloprinting lav\u00e1veis com \u00e1gua (BASF\/Flint) at\u00e9 um formato de 22 x 30 cm, composta por: Imagesetter com 6 l\u00e2mpadas UV e placa de v\u00e1cuo com placa de membrana Arruela plana com controlo da temperatura da \u00e1gua de 20 a 40\u00b0 C porta-clich\u00e9s magn\u00e9tico ossificante 24 x 35 [&hellip;]<\/p>\n","protected":false},"featured_media":83296,"template":"","meta":[],"product_brand":[],"product_cat":[3085],"product_tag":[],"class_list":{"0":"post-92753","1":"product","2":"type-product","3":"status-publish","4":"has-post-thumbnail","6":"product_cat-serigrafia-flexografia-e-rotogravura","7":"pa_baujahr-262","8":"pa_hersteller-basf-flint-kombigeraet","10":"first","11":"instock","12":"sold-individually","13":"taxable","14":"shipping-taxable","15":"purchasable","16":"product-type-simple"},"jetpack_sharing_enabled":true,"_links":{"self":[{"href":"https:\/\/www.3p-gmbh.de\/pt-br\/wp-json\/wp\/v2\/product\/92753","targetHints":{"allow":["GET"]}}],"collection":[{"href":"https:\/\/www.3p-gmbh.de\/pt-br\/wp-json\/wp\/v2\/product"}],"about":[{"href":"https:\/\/www.3p-gmbh.de\/pt-br\/wp-json\/wp\/v2\/types\/product"}],"wp:featuredmedia":[{"embeddable":true,"href":"https:\/\/www.3p-gmbh.de\/pt-br\/wp-json\/wp\/v2\/media\/83296"}],"wp:attachment":[{"href":"https:\/\/www.3p-gmbh.de\/pt-br\/wp-json\/wp\/v2\/media?parent=92753"}],"wp:term":[{"taxonomy":"product_brand","embeddable":true,"href":"https:\/\/www.3p-gmbh.de\/pt-br\/wp-json\/wp\/v2\/product_brand?post=92753"},{"taxonomy":"product_cat","embeddable":true,"href":"https:\/\/www.3p-gmbh.de\/pt-br\/wp-json\/wp\/v2\/product_cat?post=92753"},{"taxonomy":"product_tag","embeddable":true,"href":"https:\/\/www.3p-gmbh.de\/pt-br\/wp-json\/wp\/v2\/product_tag?post=92753"}],"curies":[{"name":"wp","href":"https:\/\/api.w.org\/{rel}","templated":true}]}}