{"id":92752,"date":"2019-07-11T13:52:33","date_gmt":"2019-07-11T13:52:33","guid":{"rendered":"https:\/\/www.3p-gmbh.de\/produkt\/armarios-de-gavetas-megastahl\/"},"modified":"2019-07-11T13:52:33","modified_gmt":"2019-07-11T13:52:33","slug":"armarios-de-gavetas","status":"publish","type":"product","link":"https:\/\/www.3p-gmbh.de\/pt-br\/produkt\/armarios-de-gavetas\/","title":{"rendered":"Arm\u00e1rios de gavetas Megastahl"},"content":{"rendered":"<ul>\n<li>Ideal para armazenar placas de revestimento em prensas de 6 unidades<\/li>\n<li>Constru\u00e7\u00e3o comprovadamente robusta em a\u00e7o com gavetas do tamanho correto em guias de rolamentos de esferas precisas e resistentes<\/li>\n<li>10 gavetas, cada uma com cerca de 8 cm de altura, com dimens\u00f5es \u00fateis de cerca de 1250 x 1590 mm<\/li>\n<\/ul>\n","protected":false},"excerpt":{"rendered":"<p>Ideal para armazenar placas de revestimento em prensas de 6 unidades Constru\u00e7\u00e3o comprovadamente robusta em a\u00e7o com gavetas do tamanho correto em guias de rolamentos de esferas precisas e resistentes 10 gavetas, cada uma com cerca de 8 cm de altura, com dimens\u00f5es \u00fateis de cerca de 1250 x 1590 mm<\/p>\n","protected":false},"featured_media":63678,"template":"","meta":[],"product_brand":[],"product_cat":[3085],"product_tag":[],"class_list":{"0":"post-92752","1":"product","2":"type-product","3":"status-publish","4":"has-post-thumbnail","6":"product_cat-serigrafia-flexografia-e-rotogravura","7":"pa_baujahr-165","8":"pa_hersteller-megastahl-vi","10":"first","11":"instock","12":"sold-individually","13":"taxable","14":"shipping-taxable","15":"purchasable","16":"product-type-simple"},"jetpack_sharing_enabled":true,"_links":{"self":[{"href":"https:\/\/www.3p-gmbh.de\/pt-br\/wp-json\/wp\/v2\/product\/92752","targetHints":{"allow":["GET"]}}],"collection":[{"href":"https:\/\/www.3p-gmbh.de\/pt-br\/wp-json\/wp\/v2\/product"}],"about":[{"href":"https:\/\/www.3p-gmbh.de\/pt-br\/wp-json\/wp\/v2\/types\/product"}],"wp:featuredmedia":[{"embeddable":true,"href":"https:\/\/www.3p-gmbh.de\/pt-br\/wp-json\/wp\/v2\/media\/63678"}],"wp:attachment":[{"href":"https:\/\/www.3p-gmbh.de\/pt-br\/wp-json\/wp\/v2\/media?parent=92752"}],"wp:term":[{"taxonomy":"product_brand","embeddable":true,"href":"https:\/\/www.3p-gmbh.de\/pt-br\/wp-json\/wp\/v2\/product_brand?post=92752"},{"taxonomy":"product_cat","embeddable":true,"href":"https:\/\/www.3p-gmbh.de\/pt-br\/wp-json\/wp\/v2\/product_cat?post=92752"},{"taxonomy":"product_tag","embeddable":true,"href":"https:\/\/www.3p-gmbh.de\/pt-br\/wp-json\/wp\/v2\/product_tag?post=92752"}],"curies":[{"name":"wp","href":"https:\/\/api.w.org\/{rel}","templated":true}]}}