{"id":92735,"date":"2019-07-11T13:52:37","date_gmt":"2019-07-11T13:52:37","guid":{"rendered":"https:\/\/www.3p-gmbh.de\/produkt\/placas-de-base-magnetica-heidelberg-basf-flint\/"},"modified":"2019-07-11T13:52:37","modified_gmt":"2019-07-11T13:52:37","slug":"placas-de-base-magnetica","status":"publish","type":"product","link":"https:\/\/www.3p-gmbh.de\/pt-br\/produkt\/placas-de-base-magnetica\/","title":{"rendered":"Placas de base magn\u00e9tica Heidelberg \/ BASF \/ Flint"},"content":{"rendered":"<p>diferentes formatos dispon\u00edveis:<\/p>\n<p>Placa de base magn\u00e9tica BASF &#8211; Heidelberg<br \/>\nBase magn\u00e9tica 320x230x22,8<br \/>\nTipo de m\u00e1quina: HEIDLEBERGER TIEGEL<br \/>\nFormato em mm: 320 x 230 x 22,8 mm<br \/>\nMaterial: Alum\u00ednio<br \/>\nToler\u00e2ncia de altura: +\/- 0,1 mm<br \/>\npara placas de perfura\u00e7\u00e3o: 580 \u03bcm<br \/>\ndispon\u00edvel 1<\/p>\n<p>Placa de base magn\u00e9tica BASF &#8211; Heidelberg<br \/>\nFormato 22&#215;30,5cm<br \/>\nEspessura do painel 22mm<br \/>\ndispon\u00edvel 1<\/p>\n<p>Placa de base magn\u00e9tica BASF &#8211; Heidelberg<br \/>\nFormato 22x15cm<br \/>\nEspessura do painel 22mm<br \/>\ndispon\u00edvel 1<\/p>\n<p>Placa de base magn\u00e9tica BASF &#8211; Heidelberg<br \/>\nFormato 21,5x7cm<br \/>\nEspessura do painel 22mm<br \/>\ndispon\u00edvel 1<\/p>\n<p>Placa de base magn\u00e9tica BASF &#8211; Heidelberg<br \/>\nFormato 15x2cm<br \/>\nEspessura do painel 22mm<br \/>\ndispon\u00edvel 1<\/p>\n<p>Placa de base magn\u00e9tica BASF &#8211; Heidelberg<br \/>\nFormato 15 x10,5cm<br \/>\nEspessura do painel 22mm<br \/>\ndispon\u00edvel 4<\/p>\n<p>Placa de base magn\u00e9tica BASF &#8211; Heidelberg<br \/>\nFormato 10,5&#215;7,5cm<br \/>\nEspessura do painel 22mm<br \/>\ndispon\u00edvel 2<\/p>\n<p>Barras magn\u00e9ticas<br \/>\n3 x 1,7cm<br \/>\nEspessura do painel 22mm<br \/>\ndispon\u00edvel 12<\/p>\n<p>Barras magn\u00e9ticas<br \/>\n5,5 x 1,4cm<br \/>\nEspessura do painel 22mm<br \/>\ndispon\u00edvel 4<\/p>\n<p>Barras magn\u00e9ticas<br \/>\n7,5 x 10,5cm<br \/>\nEspessura do painel 22mm<br \/>\ndispon\u00edvel 2<\/p>\n","protected":false},"excerpt":{"rendered":"<p>diferentes formatos dispon\u00edveis: Placa de base magn\u00e9tica BASF &#8211; Heidelberg Base magn\u00e9tica 320x230x22,8 Tipo de m\u00e1quina: HEIDLEBERGER TIEGEL Formato em mm: 320 x 230 x 22,8 mm Material: Alum\u00ednio Toler\u00e2ncia de altura: +\/- 0,1 mm para placas de perfura\u00e7\u00e3o: 580 \u03bcm dispon\u00edvel 1 Placa de base magn\u00e9tica BASF &#8211; Heidelberg Formato 22&#215;30,5cm Espessura do painel [&hellip;]<\/p>\n","protected":false},"featured_media":73083,"template":"","meta":[],"product_brand":[],"product_cat":[2883],"product_tag":[],"class_list":{"0":"post-92735","1":"product","2":"type-product","3":"status-publish","4":"has-post-thumbnail","6":"product_cat-impressao-tipografica","7":"pa_hersteller-basf-flint-group","8":"pa_typ-magnetfundamentplatten","10":"first","11":"instock","12":"sold-individually","13":"taxable","14":"shipping-taxable","15":"purchasable","16":"product-type-simple"},"jetpack_sharing_enabled":true,"_links":{"self":[{"href":"https:\/\/www.3p-gmbh.de\/pt-br\/wp-json\/wp\/v2\/product\/92735","targetHints":{"allow":["GET"]}}],"collection":[{"href":"https:\/\/www.3p-gmbh.de\/pt-br\/wp-json\/wp\/v2\/product"}],"about":[{"href":"https:\/\/www.3p-gmbh.de\/pt-br\/wp-json\/wp\/v2\/types\/product"}],"wp:featuredmedia":[{"embeddable":true,"href":"https:\/\/www.3p-gmbh.de\/pt-br\/wp-json\/wp\/v2\/media\/73083"}],"wp:attachment":[{"href":"https:\/\/www.3p-gmbh.de\/pt-br\/wp-json\/wp\/v2\/media?parent=92735"}],"wp:term":[{"taxonomy":"product_brand","embeddable":true,"href":"https:\/\/www.3p-gmbh.de\/pt-br\/wp-json\/wp\/v2\/product_brand?post=92735"},{"taxonomy":"product_cat","embeddable":true,"href":"https:\/\/www.3p-gmbh.de\/pt-br\/wp-json\/wp\/v2\/product_cat?post=92735"},{"taxonomy":"product_tag","embeddable":true,"href":"https:\/\/www.3p-gmbh.de\/pt-br\/wp-json\/wp\/v2\/product_tag?post=92735"}],"curies":[{"name":"wp","href":"https:\/\/api.w.org\/{rel}","templated":true}]}}