{"id":92726,"date":"2019-07-11T13:52:37","date_gmt":"2019-07-11T13:52:37","guid":{"rendered":"https:\/\/www.3p-gmbh.de\/produkt\/cilindro-heidelberg-ohz-sbd\/"},"modified":"2019-07-11T13:52:37","modified_gmt":"2019-07-11T13:52:37","slug":"original-heidelberg-cilindro","status":"publish","type":"product","link":"https:\/\/www.3p-gmbh.de\/pt-br\/produkt\/original-heidelberg-cilindro\/","title":{"rendered":"Cilindro Heidelberg OHZ SBD"},"content":{"rendered":"<p><strong>Cilindro Heidelberg OHZ SBD<br \/>\nBj. 1969<br \/>\nSN: 34542<\/strong><\/p>\n<ul>\n<li>Cilindro de impress\u00e3o <strong><br \/>\n  <em>apenas<\/em><br \/>\n<\/strong> para perfura\u00e7\u00e3o<\/li>\n<li>Dois quadros<\/li>\n<li>Formato m\u00e1ximo. 640 x 900 mm<\/li>\n<li>Formato min. 290 x 400 mm<\/li>\n<li>Velocidade: m\u00e1x. 4.000\/h<\/li>\n<li>Peso: 6.000 kg<\/li>\n<\/ul>\n<p><a href=\"https:\/\/youtu.be\/OAB3yqei830\" target=\"_blank\" rel=\"noopener\">https:\/\/youtu.be\/OAB3yqei830<\/a><\/p>\n","protected":false},"excerpt":{"rendered":"<p>Cilindro Heidelberg OHZ SBD Bj. 1969 SN: 34542 Cilindro de impress\u00e3o apenas para perfura\u00e7\u00e3o Dois quadros Formato m\u00e1ximo. 640 x 900 mm Formato min. 290 x 400 mm Velocidade: m\u00e1x. 4.000\/h Peso: 6.000 kg https:\/\/youtu.be\/OAB3yqei830<\/p>\n","protected":false},"featured_media":83314,"template":"","meta":[],"product_brand":[],"product_cat":[2883],"product_tag":[],"class_list":{"0":"post-92726","1":"product","2":"type-product","3":"status-publish","4":"has-post-thumbnail","6":"product_cat-impressao-tipografica","7":"pa_baujahr-1150","8":"pa_hersteller-heidelberg","9":"pa_typ-ohz-sbd","11":"first","12":"instock","13":"sold-individually","14":"taxable","15":"shipping-taxable","16":"purchasable","17":"product-type-simple"},"jetpack_sharing_enabled":true,"_links":{"self":[{"href":"https:\/\/www.3p-gmbh.de\/pt-br\/wp-json\/wp\/v2\/product\/92726","targetHints":{"allow":["GET"]}}],"collection":[{"href":"https:\/\/www.3p-gmbh.de\/pt-br\/wp-json\/wp\/v2\/product"}],"about":[{"href":"https:\/\/www.3p-gmbh.de\/pt-br\/wp-json\/wp\/v2\/types\/product"}],"wp:featuredmedia":[{"embeddable":true,"href":"https:\/\/www.3p-gmbh.de\/pt-br\/wp-json\/wp\/v2\/media\/83314"}],"wp:attachment":[{"href":"https:\/\/www.3p-gmbh.de\/pt-br\/wp-json\/wp\/v2\/media?parent=92726"}],"wp:term":[{"taxonomy":"product_brand","embeddable":true,"href":"https:\/\/www.3p-gmbh.de\/pt-br\/wp-json\/wp\/v2\/product_brand?post=92726"},{"taxonomy":"product_cat","embeddable":true,"href":"https:\/\/www.3p-gmbh.de\/pt-br\/wp-json\/wp\/v2\/product_cat?post=92726"},{"taxonomy":"product_tag","embeddable":true,"href":"https:\/\/www.3p-gmbh.de\/pt-br\/wp-json\/wp\/v2\/product_tag?post=92726"}],"curies":[{"name":"wp","href":"https:\/\/api.w.org\/{rel}","templated":true}]}}