{"id":92704,"date":"2019-07-11T13:52:37","date_gmt":"2019-07-11T13:52:37","guid":{"rendered":"https:\/\/www.3p-gmbh.de\/produkt\/impressora-de-rolo-automatica-heidelberg-gt-a3\/"},"modified":"2019-07-11T13:52:37","modified_gmt":"2019-07-11T13:52:37","slug":"prensa-de-selagem-automatica-gt-a3","status":"publish","type":"product","link":"https:\/\/www.3p-gmbh.de\/pt-br\/produkt\/prensa-de-selagem-automatica-gt-a3\/","title":{"rendered":"Impressora de rolo autom\u00e1tica Heidelberg GT A3"},"content":{"rendered":"<ul>\n<li>com unidade de tintagem<\/li>\n<li>com embraiagem electromagn\u00e9tica<\/li>\n<li>2 Arma\u00e7\u00e3o de bloqueio<\/li>\n<li>com equipamento especial 12 pontes de pin\u00e7as intercambi\u00e1veis para a aspira\u00e7\u00e3o central de pl\u00e1sticos, pl\u00e1sticos, madeira de balsa, etc.<\/li>\n<\/ul>\n","protected":false},"excerpt":{"rendered":"<p>com unidade de tintagem com embraiagem electromagn\u00e9tica 2 Arma\u00e7\u00e3o de bloqueio com equipamento especial 12 pontes de pin\u00e7as intercambi\u00e1veis para a aspira\u00e7\u00e3o central de pl\u00e1sticos, pl\u00e1sticos, madeira de balsa, etc.<\/p>\n","protected":false},"featured_media":63705,"template":"","meta":[],"product_brand":[],"product_cat":[2883],"product_tag":[],"class_list":{"0":"post-92704","1":"product","2":"type-product","3":"status-publish","4":"has-post-thumbnail","6":"product_cat-impressao-tipografica","7":"pa_baujahr-345","8":"pa_hersteller-heidelberg","9":"pa_typ-original-heidelberg-gt","11":"first","12":"instock","13":"sold-individually","14":"taxable","15":"shipping-taxable","16":"purchasable","17":"product-type-simple"},"jetpack_sharing_enabled":true,"_links":{"self":[{"href":"https:\/\/www.3p-gmbh.de\/pt-br\/wp-json\/wp\/v2\/product\/92704","targetHints":{"allow":["GET"]}}],"collection":[{"href":"https:\/\/www.3p-gmbh.de\/pt-br\/wp-json\/wp\/v2\/product"}],"about":[{"href":"https:\/\/www.3p-gmbh.de\/pt-br\/wp-json\/wp\/v2\/types\/product"}],"wp:featuredmedia":[{"embeddable":true,"href":"https:\/\/www.3p-gmbh.de\/pt-br\/wp-json\/wp\/v2\/media\/63705"}],"wp:attachment":[{"href":"https:\/\/www.3p-gmbh.de\/pt-br\/wp-json\/wp\/v2\/media?parent=92704"}],"wp:term":[{"taxonomy":"product_brand","embeddable":true,"href":"https:\/\/www.3p-gmbh.de\/pt-br\/wp-json\/wp\/v2\/product_brand?post=92704"},{"taxonomy":"product_cat","embeddable":true,"href":"https:\/\/www.3p-gmbh.de\/pt-br\/wp-json\/wp\/v2\/product_cat?post=92704"},{"taxonomy":"product_tag","embeddable":true,"href":"https:\/\/www.3p-gmbh.de\/pt-br\/wp-json\/wp\/v2\/product_tag?post=92704"}],"curies":[{"name":"wp","href":"https:\/\/api.w.org\/{rel}","templated":true}]}}