{"id":92683,"date":"2019-07-11T13:52:47","date_gmt":"2019-07-11T13:52:47","guid":{"rendered":"https:\/\/www.3p-gmbh.de\/produkt\/heidelberg-tsh-70-twinstacker-entrega-de-pilha-vertical\/"},"modified":"2019-07-11T13:52:47","modified_gmt":"2019-07-11T13:52:47","slug":"entrega-de-pilhas-verticais","status":"publish","type":"product","link":"https:\/\/www.3p-gmbh.de\/pt-br\/produkt\/entrega-de-pilhas-verticais\/","title":{"rendered":"Heidelberg TSH 70 Twinstacker entrega de pilha vertical"},"content":{"rendered":"<p>O Twinstacker TSH de distribui\u00e7\u00e3o vertical \u00e9 a solu\u00e7\u00e3o econ\u00f3mica para cobrir amplamente a gama de produ\u00e7\u00e3o m\u00e9dia a elevada. A entrega transporta as folhas prensadas individualmente atrav\u00e9s da sec\u00e7\u00e3o de transporte sem marca\u00e7\u00e3o. As pilhas s\u00e3o ent\u00e3o formadas a partir de cima em cestos de recolha e dispostas alternadamente &#8211; em dois n\u00edveis de empilhamento dispostos um por cima do outro. Isto permite um funcionamento eficaz sem paragens. O manuseamento f\u00e1cil e a boa acessibilidade tamb\u00e9m facilitam o processamento de produtos de v\u00e1rias camadas. A mesa de alimenta\u00e7\u00e3o ajust\u00e1vel em altura garante que o Twinstacker TSH pode ser posicionado de forma f\u00e1cil e flex\u00edvel nas v\u00e1rias pr\u00e9-esta\u00e7\u00f5es. Quer seja na coloca\u00e7\u00e3o de chapas isoladas ou mesmo no fluxo de telha &#8211; o Twinstacker TSH convence em todos os aspectos com o seu desempenho.<\/p>\n<ul>\n<li>Entrega de pilhas de f\u00e1cil utiliza\u00e7\u00e3o<\/li>\n<li>Disposi\u00e7\u00e3o sem marcas de at\u00e9 dois pain\u00e9is, com remo\u00e7\u00e3o ergon\u00f3mica de f\u00e1cil utiliza\u00e7\u00e3o<\/li>\n<li>m\u00e1ximo. Formato 700x340mm<\/li>\n<li>min. Formato 100x100mm<\/li>\n<li>Espessura m\u00e1xima do produto. 6mm<\/li>\n<li>Altura de empilhamento por n\u00edvel m\u00e1x. 10 cm<\/li>\n<li>Ideal para a opera\u00e7\u00e3o por uma s\u00f3 pessoa em m\u00e1quinas de dobragem com velocidades de m\u00e1quina elevadas at\u00e9 18.000 ciclos<\/li>\n<li>Controlo MCT<\/li>\n<\/ul>\n","protected":false},"excerpt":{"rendered":"<p>O Twinstacker TSH de distribui\u00e7\u00e3o vertical \u00e9 a solu\u00e7\u00e3o econ\u00f3mica para cobrir amplamente a gama de produ\u00e7\u00e3o m\u00e9dia a elevada. A entrega transporta as folhas prensadas individualmente atrav\u00e9s da sec\u00e7\u00e3o de transporte sem marca\u00e7\u00e3o. As pilhas s\u00e3o ent\u00e3o formadas a partir de cima em cestos de recolha e dispostas alternadamente &#8211; em dois n\u00edveis de [&hellip;]<\/p>\n","protected":false},"featured_media":71442,"template":"","meta":[],"product_brand":[],"product_cat":[2919],"product_tag":[],"class_list":{"0":"post-92683","1":"product","2":"type-product","3":"status-publish","4":"has-post-thumbnail","6":"product_cat-despesas","7":"pa_baujahr-168","8":"pa_hersteller-heidelberg-stahl","9":"pa_typ-stahlfolder-twinstacker-tsh-70","11":"first","12":"instock","13":"sold-individually","14":"taxable","15":"shipping-taxable","16":"purchasable","17":"product-type-simple"},"jetpack_sharing_enabled":true,"_links":{"self":[{"href":"https:\/\/www.3p-gmbh.de\/pt-br\/wp-json\/wp\/v2\/product\/92683","targetHints":{"allow":["GET"]}}],"collection":[{"href":"https:\/\/www.3p-gmbh.de\/pt-br\/wp-json\/wp\/v2\/product"}],"about":[{"href":"https:\/\/www.3p-gmbh.de\/pt-br\/wp-json\/wp\/v2\/types\/product"}],"wp:featuredmedia":[{"embeddable":true,"href":"https:\/\/www.3p-gmbh.de\/pt-br\/wp-json\/wp\/v2\/media\/71442"}],"wp:attachment":[{"href":"https:\/\/www.3p-gmbh.de\/pt-br\/wp-json\/wp\/v2\/media?parent=92683"}],"wp:term":[{"taxonomy":"product_brand","embeddable":true,"href":"https:\/\/www.3p-gmbh.de\/pt-br\/wp-json\/wp\/v2\/product_brand?post=92683"},{"taxonomy":"product_cat","embeddable":true,"href":"https:\/\/www.3p-gmbh.de\/pt-br\/wp-json\/wp\/v2\/product_cat?post=92683"},{"taxonomy":"product_tag","embeddable":true,"href":"https:\/\/www.3p-gmbh.de\/pt-br\/wp-json\/wp\/v2\/product_tag?post=92683"}],"curies":[{"name":"wp","href":"https:\/\/api.w.org\/{rel}","templated":true}]}}