{"id":92679,"date":"2019-07-11T13:52:51","date_gmt":"2019-07-11T13:52:51","guid":{"rendered":"https:\/\/www.3p-gmbh.de\/produkt\/cortador-de-pelicula-muero\/"},"modified":"2019-07-11T13:52:51","modified_gmt":"2019-07-11T13:52:51","slug":"cortador-de-pelicula","status":"publish","type":"product","link":"https:\/\/www.3p-gmbh.de\/pt-br\/produkt\/cortador-de-pelicula\/","title":{"rendered":"Cortador de pel\u00edcula M\u00fcro"},"content":{"rendered":"<p>O cortador de pel\u00edcula \u00e9 um cortador de precis\u00e3o para pel\u00edculas planas, folhas e papel. A folha milim\u00e9trica iluminada e o batente lateral permitem alinhar os gabaritos com grande precis\u00e3o. A barra de press\u00e3o no cortador de pel\u00edcula impede que os originais deslizem enquanto a faca circular desliza ao longo da faca longa. Os cortes s\u00e3o sem rebarbas, as facas redondas s\u00e3o auto-afi\u00e1veis devido \u00e0 moagem oca.<\/p>\n<ul>\n<li>Largura de corte: 95 cm ou 65 cm<\/li>\n<li>Superf\u00edcie de apoio: 95 x 35 cm<\/li>\n<li>Batente lateral com escala centim\u00e9trica<\/li>\n<li>Pressionar com uma \u00fanica alavanca<\/li>\n<li>L\u00e2mpadas: 2 x 16 Watt<\/li>\n<\/ul>\n","protected":false},"excerpt":{"rendered":"<p>O cortador de pel\u00edcula \u00e9 um cortador de precis\u00e3o para pel\u00edculas planas, folhas e papel. A folha milim\u00e9trica iluminada e o batente lateral permitem alinhar os gabaritos com grande precis\u00e3o. A barra de press\u00e3o no cortador de pel\u00edcula impede que os originais deslizem enquanto a faca circular desliza ao longo da faca longa. Os cortes [&hellip;]<\/p>\n","protected":false},"featured_media":64041,"template":"","meta":[],"product_brand":[],"product_cat":[2937],"product_tag":[],"class_list":{"0":"post-92679","1":"product","2":"type-product","3":"status-publish","4":"has-post-thumbnail","6":"product_cat-sistemas-de-revelacao-de-filmes","7":"pa_hersteller-muero","8":"pa_typ-vb-95-oder-vb-65","10":"first","11":"instock","12":"sold-individually","13":"taxable","14":"shipping-taxable","15":"purchasable","16":"product-type-simple"},"jetpack_sharing_enabled":true,"_links":{"self":[{"href":"https:\/\/www.3p-gmbh.de\/pt-br\/wp-json\/wp\/v2\/product\/92679","targetHints":{"allow":["GET"]}}],"collection":[{"href":"https:\/\/www.3p-gmbh.de\/pt-br\/wp-json\/wp\/v2\/product"}],"about":[{"href":"https:\/\/www.3p-gmbh.de\/pt-br\/wp-json\/wp\/v2\/types\/product"}],"wp:featuredmedia":[{"embeddable":true,"href":"https:\/\/www.3p-gmbh.de\/pt-br\/wp-json\/wp\/v2\/media\/64041"}],"wp:attachment":[{"href":"https:\/\/www.3p-gmbh.de\/pt-br\/wp-json\/wp\/v2\/media?parent=92679"}],"wp:term":[{"taxonomy":"product_brand","embeddable":true,"href":"https:\/\/www.3p-gmbh.de\/pt-br\/wp-json\/wp\/v2\/product_brand?post=92679"},{"taxonomy":"product_cat","embeddable":true,"href":"https:\/\/www.3p-gmbh.de\/pt-br\/wp-json\/wp\/v2\/product_cat?post=92679"},{"taxonomy":"product_tag","embeddable":true,"href":"https:\/\/www.3p-gmbh.de\/pt-br\/wp-json\/wp\/v2\/product_tag?post=92679"}],"curies":[{"name":"wp","href":"https:\/\/api.w.org\/{rel}","templated":true}]}}