{"id":92663,"date":"2019-07-11T13:52:47","date_gmt":"2019-07-11T13:52:47","guid":{"rendered":"https:\/\/www.3p-gmbh.de\/produkt\/unidade-de-enderecamento-microjet\/"},"modified":"2019-07-11T13:52:47","modified_gmt":"2019-07-11T13:52:47","slug":"sistema-de-enderecamento","status":"publish","type":"product","link":"https:\/\/www.3p-gmbh.de\/pt-br\/produkt\/sistema-de-enderecamento\/","title":{"rendered":"Unidade de endere\u00e7amento MicroJet"},"content":{"rendered":"<ul>\n<li>com duas cabe\u00e7as de impress\u00e3o e sistema de suporte vari\u00e1vel 140 x 75 cm com codificador rotativo<\/li>\n<li>Leitura do contador 42 milh\u00f5es de endere\u00e7os<\/li>\n<\/ul>\n","protected":false},"excerpt":{"rendered":"<p>com duas cabe\u00e7as de impress\u00e3o e sistema de suporte vari\u00e1vel 140 x 75 cm com codificador rotativo Leitura do contador 42 milh\u00f5es de endere\u00e7os<\/p>\n","protected":false},"featured_media":63849,"template":"","meta":[],"product_brand":[],"product_cat":[2968],"product_tag":[],"class_list":{"0":"post-92663","1":"product","2":"type-product","3":"status-publish","4":"has-post-thumbnail","6":"product_cat-sistemas-de-enderecamento-e-insercao","7":"pa_hersteller-microjet-systems","9":"first","10":"instock","11":"sold-individually","12":"taxable","13":"shipping-taxable","14":"purchasable","15":"product-type-simple"},"jetpack_sharing_enabled":true,"_links":{"self":[{"href":"https:\/\/www.3p-gmbh.de\/pt-br\/wp-json\/wp\/v2\/product\/92663","targetHints":{"allow":["GET"]}}],"collection":[{"href":"https:\/\/www.3p-gmbh.de\/pt-br\/wp-json\/wp\/v2\/product"}],"about":[{"href":"https:\/\/www.3p-gmbh.de\/pt-br\/wp-json\/wp\/v2\/types\/product"}],"wp:featuredmedia":[{"embeddable":true,"href":"https:\/\/www.3p-gmbh.de\/pt-br\/wp-json\/wp\/v2\/media\/63849"}],"wp:attachment":[{"href":"https:\/\/www.3p-gmbh.de\/pt-br\/wp-json\/wp\/v2\/media?parent=92663"}],"wp:term":[{"taxonomy":"product_brand","embeddable":true,"href":"https:\/\/www.3p-gmbh.de\/pt-br\/wp-json\/wp\/v2\/product_brand?post=92663"},{"taxonomy":"product_cat","embeddable":true,"href":"https:\/\/www.3p-gmbh.de\/pt-br\/wp-json\/wp\/v2\/product_cat?post=92663"},{"taxonomy":"product_tag","embeddable":true,"href":"https:\/\/www.3p-gmbh.de\/pt-br\/wp-json\/wp\/v2\/product_tag?post=92663"}],"curies":[{"name":"wp","href":"https:\/\/api.w.org\/{rel}","templated":true}]}}