{"id":92646,"date":"2019-07-11T13:52:51","date_gmt":"2019-07-11T13:52:51","guid":{"rendered":"https:\/\/www.3p-gmbh.de\/produkt\/entrega-do-pacote-palamides-delta-705\/"},"modified":"2019-07-11T13:52:51","modified_gmt":"2019-07-11T13:52:51","slug":"entrega-automatica-buendel","status":"publish","type":"product","link":"https:\/\/www.3p-gmbh.de\/pt-br\/produkt\/entrega-automatica-buendel\/","title":{"rendered":"Entrega do pacote Palamides Delta 705"},"content":{"rendered":"<ul>\n<li>Largura de trabalho 700 mm com cintagem de 5 dobras<\/li>\n<li>Gama de formatos m\u00e1x. 760 x 305 mm, m\u00edn. 110 x 95 mm<\/li>\n<li>Largura de banda 30 mm<\/li>\n<li>Reconhecimento autom\u00e1tico de formatos e de folhas de res\u00edduos<\/li>\n<li>Esta\u00e7\u00e3o de prensagem com pr\u00e9-prensagem e prensagem principal, com rolo de prensagem principal<\/li>\n<li>Embalagem de prensagem<\/li>\n<li>Esta\u00e7\u00e3o vibrat\u00f3ria<\/li>\n<li>autom\u00f3vel. Defini\u00e7\u00e3o do formato<\/li>\n<li>Ecr\u00e3 de grande formato<\/li>\n<li>V\u00e1rios modos de funcionamento, alimentador de fluxo ou alimentador de folha \u00fanica, ajuste r\u00e1pido, contador, agrupamento de barras<\/li>\n<li>Sa\u00edda de 600 pacotes por hora<\/li>\n<li>Altura da embalagem: min. 20 mm<\/li>\n<li>Altura da embalagem: m\u00e1x. 150 mm<\/li>\n<li>Produ\u00e7\u00e3o: 600 pacotes\/h por painel<\/li>\n<li>Velocidade: at\u00e9 60.000 pcs\/h<\/li>\n<li>Velocidade: 15-205 m\/min<\/li>\n<li>Liga\u00e7\u00e3o el\u00e9ctrica: 6KW<\/li>\n<li>Altura da entrada: 410mm &#8211; 1000mm<\/li>\n<\/ul>\n","protected":false},"excerpt":{"rendered":"<p>Largura de trabalho 700 mm com cintagem de 5 dobras Gama de formatos m\u00e1x. 760 x 305 mm, m\u00edn. 110 x 95 mm Largura de banda 30 mm Reconhecimento autom\u00e1tico de formatos e de folhas de res\u00edduos Esta\u00e7\u00e3o de prensagem com pr\u00e9-prensagem e prensagem principal, com rolo de prensagem principal Embalagem de prensagem Esta\u00e7\u00e3o vibrat\u00f3ria [&hellip;]<\/p>\n","protected":false},"featured_media":63987,"template":"","meta":[],"product_brand":[],"product_cat":[2919],"product_tag":[],"class_list":{"0":"post-92646","1":"product","2":"type-product","3":"status-publish","4":"has-post-thumbnail","6":"product_cat-despesas","7":"pa_baujahr-168","8":"pa_hersteller-palamides","9":"pa_typ-delta-705","11":"first","12":"instock","13":"sold-individually","14":"taxable","15":"shipping-taxable","16":"purchasable","17":"product-type-simple"},"jetpack_sharing_enabled":true,"_links":{"self":[{"href":"https:\/\/www.3p-gmbh.de\/pt-br\/wp-json\/wp\/v2\/product\/92646","targetHints":{"allow":["GET"]}}],"collection":[{"href":"https:\/\/www.3p-gmbh.de\/pt-br\/wp-json\/wp\/v2\/product"}],"about":[{"href":"https:\/\/www.3p-gmbh.de\/pt-br\/wp-json\/wp\/v2\/types\/product"}],"wp:featuredmedia":[{"embeddable":true,"href":"https:\/\/www.3p-gmbh.de\/pt-br\/wp-json\/wp\/v2\/media\/63987"}],"wp:attachment":[{"href":"https:\/\/www.3p-gmbh.de\/pt-br\/wp-json\/wp\/v2\/media?parent=92646"}],"wp:term":[{"taxonomy":"product_brand","embeddable":true,"href":"https:\/\/www.3p-gmbh.de\/pt-br\/wp-json\/wp\/v2\/product_brand?post=92646"},{"taxonomy":"product_cat","embeddable":true,"href":"https:\/\/www.3p-gmbh.de\/pt-br\/wp-json\/wp\/v2\/product_cat?post=92646"},{"taxonomy":"product_tag","embeddable":true,"href":"https:\/\/www.3p-gmbh.de\/pt-br\/wp-json\/wp\/v2\/product_tag?post=92646"}],"curies":[{"name":"wp","href":"https:\/\/api.w.org\/{rel}","templated":true}]}}